{"id":3086,"date":"2025-11-07T13:24:09","date_gmt":"2025-11-07T11:24:09","guid":{"rendered":"https:\/\/bledniak-avocat.com\/?page_id=3086"},"modified":"2026-02-12T16:38:08","modified_gmt":"2026-02-12T14:38:08","slug":"e-commerce","status":"publish","type":"page","link":"https:\/\/bledniak-avocat.com\/de\/e-commerce\/","title":{"rendered":"E-Commerce"},"content":{"rendered":"\n<hr class=\"wp-block-separator\"\/>\n\n\n\n<h2>E-Commerce, Verbraucherrecht &amp; Digitale Gesch\u00e4ftsmodelle<\/h2>\n\n\n\n<p>Der Online-Handel und digitale Dienstleistungen unterliegen komplexen rechtlichen Anforderungen. Wir begleiten Unternehmen bei der Einf\u00fchrung neuer Online-Shops und sorgen f\u00fcr eine rechtssichere Struktur \u2013 insbesondere im Hinblick auf Verbraucherrechte, Informationspflichten und aktuelle Gestaltungsspielr\u00e4ume im B2B-Bereich.<\/p>\n\n\n\n<p>Wir unterst\u00fctzen unsere Mandanten auch im Bereich After-Sales-Service und Kundenbeziehungen, etwa bei der rechtlichen Ausgestaltung von Reklamationsprozessen, Widerrufsverfahren und Kommunikationsstrukturen.<\/p>\n\n\n\n<p>Ein weiterer Schwerpunkt liegt in der Erstellung individueller Vertragsdokumentationen, abgestimmt auf die konkrete Gesch\u00e4ftst\u00e4tigkeit und die damit verbundenen rechtlichen Risiken.<\/p>\n\n\n\n<p>Im Rahmen von Website-Audits pr\u00fcfen wir bestehende Online-Auftritte und eingesetzte technische L\u00f6sungen. Unsere Mandanten erhalten einen strukturierten Bericht mit identifizierten Risiken, Unregelm\u00e4\u00dfigkeiten und konkreten Handlungsempfehlungen.<\/p>\n\n\n\n<p>Wir erstellen und pr\u00fcfen insbesondere:<\/p>\n\n\n\n<ul><li>AGB f\u00fcr elektronische Dienstleistungen<\/li><li>Online-Shop-AGB<\/li><li>Social-Media-Regelwerke<\/li><li>Gewinnspiel- und Promotionsbedingungen<\/li><li>Datenschutzerkl\u00e4rungen<\/li><li>Einwilligungs- und Informationsklauseln<\/li><li>Vertragsmuster f\u00fcr digitale Gesch\u00e4ftsmodelle<\/li><\/ul>\n\n\n\n<p>Dar\u00fcber hinaus pr\u00fcfen wir Gesch\u00e4ftsmodelle im Hinblick auf verbraucherrechtliche Vorgaben, analysieren m\u00f6gliche missbr\u00e4uchliche Klauseln und vertreten unsere Mandanten in Streitigkeiten im Zusammenhang mit Online-Diensten, Domains, geistigen Eigentumsrechten sowie in Auseinandersetzungen mit Verbrauchern.<\/p>\n\n\n\n<p>Ebenso vertreten wir Verbraucher in Konflikten mit Unternehmern im Bereich des Verbraucherrechts.<\/p>\n\n\n\n<p>Unser Ziel ist es, digitale Gesch\u00e4ftsmodelle rechtssicher, wirtschaftlich sinnvoll und nachhaltig strukturiert aufzustellen \u2013 pr\u00e4ventiv und im Streitfall.<\/p>\n\n\n\n<h2 class=\"has-black-color has-pale-cyan-blue-background-color has-text-color has-background has-large-font-size\" style=\"text-transform:uppercase\">Blog<\/h2>\n\n\n<ul class=\"wp-block-latest-posts__list wp-block-latest-posts\"><li><a href=\"https:\/\/bledniak-avocat.com\/de\/auslaendische-online-verkaeufer-unter-der-lupe-frankreichs-neue-verbraucherpflichten-perspektive-des-e-commerce\/\">Ausl\u00e4ndische Online-Verk\u00e4ufer unter der Lupe Frankreichs: Neue Verbraucherpflichten \u2013 Perspektive des E-Commerce<\/a><div class=\"wp-block-latest-posts__post-excerpt\">Frankreich versteht beim Verbraucherschutz keinen Spa\u00df. In Zeiten des dynamischen Wachstums des E-Commerce, in denen Tausende von Online-Shops von \u00fcberall [&hellip;]<\/div><\/li>\n<li><a href=\"https:\/\/bledniak-avocat.com\/de\/rechtssicher-in-frankreich-agieren\/\">Rechtssicher in Frankreich agieren<\/a><div class=\"wp-block-latest-posts__post-excerpt\">Arbeitsrechtliche und wirtschaftliche Schl\u00fcsselthemen f\u00fcr ausl\u00e4ndische Unternehmen Frankreich ist einer der wichtigsten M\u00e4rkte Europas \u2013 attraktiv, kaufkr\u00e4ftig und strukturell stabil. [&hellip;]<\/div><\/li>\n<li><a href=\"https:\/\/bledniak-avocat.com\/de\/mitarbeiter-berichtet-nicht-und-erreicht-ziele-nicht\/\">Mitarbeiter berichtet nicht und erreicht Ziele nicht<\/a><div class=\"wp-block-latest-posts__post-excerpt\">Darf der Arbeitgeber k\u00fcndigen \u2013 und was kostet das in Frankreich? Wenn ein Arbeitnehmer \u2013 insbesondere im Vertrieb \u2013 seine [&hellip;]<\/div><\/li>\n<li><a href=\"https:\/\/bledniak-avocat.com\/de\/recruiting-in-frankreich\/\">Recruiting in Frankreich<\/a><div class=\"wp-block-latest-posts__post-excerpt\">Die gr\u00f6\u00dften Fallstricke f\u00fcr ausl\u00e4ndische Arbeitgeber Frankreich z\u00e4hlt zu den attraktivsten M\u00e4rkten Europas. Gleichzeitig ist das franz\u00f6sische Arbeitsrecht eines der [&hellip;]<\/div><\/li>\n<li><a href=\"https:\/\/bledniak-avocat.com\/de\/mitarbeiter-kundigt-streik-an\/\">Mitarbeiter k\u00fcndigt Streik an:<\/a><div class=\"wp-block-latest-posts__post-excerpt\">Was darf \u2013 und was darf nicht \u2013 ein ausl\u00e4ndischer Arbeitgeber in Frankreich? Das Streikrecht (droit de gr\u00e8ve) besitzt in [&hellip;]<\/div><\/li>\n<li><a href=\"https:\/\/bledniak-avocat.com\/de\/franzoesisches-arbeitsrecht-eldorado-fuer-arbeitnehmer-falle-fuer-auslaendische-arbeitgeber\/\">Franz\u00f6sisches Arbeitsrecht \u2013 Eldorado f\u00fcr Arbeitnehmer, Falle f\u00fcr ausl\u00e4ndische Arbeitgeber?<\/a><div class=\"wp-block-latest-posts__post-excerpt\">Frankreich gilt als eines der L\u00e4nder mit dem arbeitnehmerfreundlichsten Arbeitsrecht in Europa. Es bietet Besch\u00e4ftigten Stabilit\u00e4t und eine starke Verhandlungsposition [&hellip;]<\/div><\/li>\n<li><a href=\"https:\/\/bledniak-avocat.com\/de\/wie-man-eine-gesellschaft-in-frankreich-gruendet-franzoesisches-gesellschaft-am-beispiel-der-transportbranche\/\">Wie man eine Gesellschaft in Frankreich gr\u00fcndet. Franz\u00f6sisches Gesellschaft am Beispiel der Transportbranche<\/a><div class=\"wp-block-latest-posts__post-excerpt\">\u201eDa ist etwas faul \u2026\u201c \u2013 das war mein erster Gedanke, nachdem ich mehrere Wochen lang zahlreiche Anfragen von Transportunternehmen [&hellip;]<\/div><\/li>\n<li><a href=\"https:\/\/bledniak-avocat.com\/de\/interview-fur-ein-polnisches-magazin-kapital-polski\/\">Interview fur ein polnisches magazin &#8222;Kapital polski&#8220;<\/a><div class=\"wp-block-latest-posts__post-excerpt\"><\/div><\/li>\n<li><a href=\"https:\/\/bledniak-avocat.com\/de\/newsletter-10-2021\/\">Newsletter 10.2021<\/a><div class=\"wp-block-latest-posts__post-excerpt\"><\/div><\/li>\n<\/ul>","protected":false},"excerpt":{"rendered":"<p>E-Commerce, Verbraucherrecht &amp; Digitale Gesch\u00e4ftsmodelle Der Online-Handel und digitale Dienstleistungen unterliegen komplexen rechtlichen Anforderungen. Wir begleiten Unternehmen bei der Einf\u00fchrung neuer Online-Shops und sorgen f\u00fcr eine rechtssichere Struktur \u2013 insbesondere im Hinblick auf Verbraucherrechte, Informationspflichten und aktuelle Gestaltungsspielr\u00e4ume im B2B-Bereich. Wir unterst\u00fctzen unsere Mandanten auch im Bereich After-Sales-Service und Kundenbeziehungen, etwa bei der rechtlichen Ausgestaltung [&hellip;]<\/p>\n","protected":false},"author":4,"featured_media":0,"parent":0,"menu_order":0,"comment_status":"closed","ping_status":"closed","template":"","meta":{"_mi_skip_tracking":false},"yoast_head":"<!-- This site is optimized with the Yoast SEO plugin v18.9 - https:\/\/yoast.com\/wordpress\/plugins\/seo\/ -->\n<title>E-Commerce in Frankreich - Bledniak Avocat<\/title>\n<meta name=\"robots\" content=\"index, follow, max-snippet:-1, max-image-preview:large, max-video-preview:-1\" \/>\n<link rel=\"canonical\" href=\"https:\/\/bledniak-avocat.com\/de\/e-commerce\/\" \/>\n<meta name=\"twitter:label1\" content=\"Gesch\u00e4tzte Lesezeit\" \/>\n\t<meta name=\"twitter:data1\" content=\"2\u00a0Minuten\" \/>\n<script type=\"application\/ld+json\" class=\"yoast-schema-graph\">{\"@context\":\"https:\/\/schema.org\",\"@graph\":[{\"@type\":\"WebSite\",\"@id\":\"https:\/\/bledniak-avocat.com\/pl\/#website\",\"url\":\"https:\/\/bledniak-avocat.com\/pl\/\",\"name\":\"Bledniak Avocat\",\"description\":\"\",\"potentialAction\":[{\"@type\":\"SearchAction\",\"target\":{\"@type\":\"EntryPoint\",\"urlTemplate\":\"https:\/\/bledniak-avocat.com\/pl\/?s={search_term_string}\"},\"query-input\":\"required name=search_term_string\"}],\"inLanguage\":\"de\"},{\"@type\":\"WebPage\",\"@id\":\"https:\/\/bledniak-avocat.com\/de\/e-commerce\/#webpage\",\"url\":\"https:\/\/bledniak-avocat.com\/de\/e-commerce\/\",\"name\":\"E-Commerce in Frankreich - Bledniak Avocat\",\"isPartOf\":{\"@id\":\"https:\/\/bledniak-avocat.com\/pl\/#website\"},\"datePublished\":\"2025-11-07T11:24:09+00:00\",\"dateModified\":\"2026-02-12T14:38:08+00:00\",\"breadcrumb\":{\"@id\":\"https:\/\/bledniak-avocat.com\/de\/e-commerce\/#breadcrumb\"},\"inLanguage\":\"de\",\"potentialAction\":[{\"@type\":\"ReadAction\",\"target\":[\"https:\/\/bledniak-avocat.com\/de\/e-commerce\/\"]}]},{\"@type\":\"BreadcrumbList\",\"@id\":\"https:\/\/bledniak-avocat.com\/de\/e-commerce\/#breadcrumb\",\"itemListElement\":[{\"@type\":\"ListItem\",\"position\":1,\"name\":\"Strona g\u0142\u00f3wna\",\"item\":\"https:\/\/bledniak-avocat.com\/de\/\"},{\"@type\":\"ListItem\",\"position\":2,\"name\":\"E-Commerce\"}]}]}<\/script>\n<!-- \/ Yoast SEO plugin. -->","yoast_head_json":{"title":"E-Commerce in Frankreich - Bledniak Avocat","robots":{"index":"index","follow":"follow","max-snippet":"max-snippet:-1","max-image-preview":"max-image-preview:large","max-video-preview":"max-video-preview:-1"},"canonical":"https:\/\/bledniak-avocat.com\/de\/e-commerce\/","twitter_misc":{"Gesch\u00e4tzte Lesezeit":"2\u00a0Minuten"},"schema":{"@context":"https:\/\/schema.org","@graph":[{"@type":"WebSite","@id":"https:\/\/bledniak-avocat.com\/pl\/#website","url":"https:\/\/bledniak-avocat.com\/pl\/","name":"Bledniak Avocat","description":"","potentialAction":[{"@type":"SearchAction","target":{"@type":"EntryPoint","urlTemplate":"https:\/\/bledniak-avocat.com\/pl\/?s={search_term_string}"},"query-input":"required name=search_term_string"}],"inLanguage":"de"},{"@type":"WebPage","@id":"https:\/\/bledniak-avocat.com\/de\/e-commerce\/#webpage","url":"https:\/\/bledniak-avocat.com\/de\/e-commerce\/","name":"E-Commerce in Frankreich - Bledniak Avocat","isPartOf":{"@id":"https:\/\/bledniak-avocat.com\/pl\/#website"},"datePublished":"2025-11-07T11:24:09+00:00","dateModified":"2026-02-12T14:38:08+00:00","breadcrumb":{"@id":"https:\/\/bledniak-avocat.com\/de\/e-commerce\/#breadcrumb"},"inLanguage":"de","potentialAction":[{"@type":"ReadAction","target":["https:\/\/bledniak-avocat.com\/de\/e-commerce\/"]}]},{"@type":"BreadcrumbList","@id":"https:\/\/bledniak-avocat.com\/de\/e-commerce\/#breadcrumb","itemListElement":[{"@type":"ListItem","position":1,"name":"Strona g\u0142\u00f3wna","item":"https:\/\/bledniak-avocat.com\/de\/"},{"@type":"ListItem","position":2,"name":"E-Commerce"}]}]}},"_links":{"self":[{"href":"https:\/\/bledniak-avocat.com\/de\/wp-json\/wp\/v2\/pages\/3086"}],"collection":[{"href":"https:\/\/bledniak-avocat.com\/de\/wp-json\/wp\/v2\/pages"}],"about":[{"href":"https:\/\/bledniak-avocat.com\/de\/wp-json\/wp\/v2\/types\/page"}],"author":[{"embeddable":true,"href":"https:\/\/bledniak-avocat.com\/de\/wp-json\/wp\/v2\/users\/4"}],"replies":[{"embeddable":true,"href":"https:\/\/bledniak-avocat.com\/de\/wp-json\/wp\/v2\/comments?post=3086"}],"version-history":[{"count":4,"href":"https:\/\/bledniak-avocat.com\/de\/wp-json\/wp\/v2\/pages\/3086\/revisions"}],"predecessor-version":[{"id":3300,"href":"https:\/\/bledniak-avocat.com\/de\/wp-json\/wp\/v2\/pages\/3086\/revisions\/3300"}],"wp:attachment":[{"href":"https:\/\/bledniak-avocat.com\/de\/wp-json\/wp\/v2\/media?parent=3086"}],"curies":[{"name":"wp","href":"https:\/\/api.w.org\/{rel}","templated":true}]}}