{"id":570,"date":"2012-04-17T19:27:33","date_gmt":"2012-04-17T17:27:33","guid":{"rendered":"https:\/\/bledniak-avocat.com\/?page_id=570"},"modified":"2025-12-03T16:00:14","modified_gmt":"2025-12-03T14:00:14","slug":"kanzlei","status":"publish","type":"page","link":"https:\/\/bledniak-avocat.com\/de\/","title":{"rendered":"Kanzlei"},"content":{"rendered":"\r\n<div class=\"wp-container-1 wp-block-group\"><div class=\"wp-block-group__inner-container\"><\/div><\/div>\r\n\r\n\r\n\r\n<p><\/p>\r\n\r\n\r\n\r\n<p style=\"font-size:17px\">Marta Bledniak, franz\u00f6sische Rechtsanw\u00e4ltin (Avocate) polnischer Herkunft, hat in 2011 ihre Anwaltskanzlei gegr\u00fcndet, mit dem Ziel, internationale Unternehmen bei einer Gesch\u00e4ftst\u00e4tigkeit in Frankreich in ihrer Muttersprache ohne Vermittlung zu unterst\u00fctzen und zu beraten. Der Bereich der Dienstleistungen der Kanzlei ist sehr umfangreich, komplex und bezieht sich auf &nbsp;die Beratung und Prozessvertretung im Bereich des franzosischen Gesellschafts-, und Arbeitsrecht.Die Kanzlei vertritt die Mandanten vor Verwaltungsinstitutionen (DREETS, URSSAF, CNETP) in Frankreich.<br>Dank internationaler Kooperationen die Mandanten werden bei ihrer Projekte auch in Polen und in Deutschland unterstutzt.<\/p>\r\n\r\n\r\n\r\n<p style=\"font-size:17px\"><strong>Ihre St\u00e4rken:&nbsp;<\/strong><br>&#8211; Niederlassungen in Strasbourg, M\u00fcnchen, Krakow<br>&#8211; Mitarbeiterentsendung nach Frankreich<br>&#8211; Handel und Investitionen;<br>&#8211; Rechtsberatung im internationalen Arbeitsrecht;<br>&#8211; Wirtschaftsberatung in Frankreich (Gesellschaftsrecht, Handelsrecht, Vertragsrecht);<br>&#8211; Franz\u00f6sisches Arbeitsrecht und Rechtssachen gegen URSSAF, DREETS<br>&#8211; Prozessvertretung in Frankreich<\/p>\r\n\r\n\r\n\r\n<p><\/p>\r\n\r\n\r\n\r\n<p><\/p>\r\n","protected":false},"excerpt":{"rendered":"<p>Marta Bledniak, franz\u00f6sische Rechtsanw\u00e4ltin (Avocate) polnischer Herkunft, hat in 2011 ihre Anwaltskanzlei gegr\u00fcndet, mit dem Ziel, internationale Unternehmen bei einer Gesch\u00e4ftst\u00e4tigkeit in Frankreich in ihrer Muttersprache ohne Vermittlung zu unterst\u00fctzen und zu beraten. Der Bereich der Dienstleistungen der Kanzlei ist sehr umfangreich, komplex und bezieht sich auf &nbsp;die Beratung und Prozessvertretung im Bereich des franzosischen [&hellip;]<\/p>\n","protected":false},"author":3,"featured_media":0,"parent":0,"menu_order":0,"comment_status":"closed","ping_status":"closed","template":"","meta":{"_mi_skip_tracking":false},"yoast_head":"<!-- This site is optimized with the Yoast SEO plugin v18.9 - https:\/\/yoast.com\/wordpress\/plugins\/seo\/ -->\n<title>Bledniak Avocat - Polnische Rechtsanw\u00e4ltin in Frankreich - Rechtsberatung Frankreich<\/title>\n<meta name=\"description\" content=\"Die Kanzlei konzentriert sie sich in ihrer Arbeit vor allem auf Unternehmen und Privatkunden aus Deutschland, Frankreich und Polen.\" \/>\n<meta name=\"robots\" content=\"index, follow, max-snippet:-1, max-image-preview:large, max-video-preview:-1\" \/>\n<link rel=\"canonical\" href=\"https:\/\/bledniak-avocat.com\/de\/\" \/>\n<meta name=\"twitter:label1\" content=\"Gesch\u00e4tzte Lesezeit\" \/>\n\t<meta name=\"twitter:data1\" content=\"1\u00a0Minute\" \/>\n<script type=\"application\/ld+json\" class=\"yoast-schema-graph\">{\"@context\":\"https:\/\/schema.org\",\"@graph\":[{\"@type\":\"WebSite\",\"@id\":\"https:\/\/bledniak-avocat.com\/pl\/#website\",\"url\":\"https:\/\/bledniak-avocat.com\/pl\/\",\"name\":\"Bledniak Avocat\",\"description\":\"\",\"potentialAction\":[{\"@type\":\"SearchAction\",\"target\":{\"@type\":\"EntryPoint\",\"urlTemplate\":\"https:\/\/bledniak-avocat.com\/pl\/?s={search_term_string}\"},\"query-input\":\"required name=search_term_string\"}],\"inLanguage\":\"de\"},{\"@type\":\"WebPage\",\"@id\":\"https:\/\/bledniak-avocat.com\/de\/#webpage\",\"url\":\"https:\/\/bledniak-avocat.com\/de\/\",\"name\":\"Bledniak Avocat - Polnische Rechtsanw\u00e4ltin in Frankreich - Rechtsberatung Frankreich\",\"isPartOf\":{\"@id\":\"https:\/\/bledniak-avocat.com\/pl\/#website\"},\"datePublished\":\"2012-04-17T17:27:33+00:00\",\"dateModified\":\"2025-12-03T14:00:14+00:00\",\"description\":\"Die Kanzlei konzentriert sie sich in ihrer Arbeit vor allem auf Unternehmen und Privatkunden aus Deutschland, Frankreich und Polen.\",\"breadcrumb\":{\"@id\":\"https:\/\/bledniak-avocat.com\/de\/#breadcrumb\"},\"inLanguage\":\"de\",\"potentialAction\":[{\"@type\":\"ReadAction\",\"target\":[\"https:\/\/bledniak-avocat.com\/de\/\"]}]},{\"@type\":\"BreadcrumbList\",\"@id\":\"https:\/\/bledniak-avocat.com\/de\/#breadcrumb\",\"itemListElement\":[{\"@type\":\"ListItem\",\"position\":1,\"name\":\"Strona g\u0142\u00f3wna\",\"item\":\"https:\/\/bledniak-avocat.com\/de\/\"},{\"@type\":\"ListItem\",\"position\":2,\"name\":\"Kanzlei\"}]}]}<\/script>\n<!-- \/ Yoast SEO plugin. -->","yoast_head_json":{"title":"Bledniak Avocat - Polnische Rechtsanw\u00e4ltin in Frankreich - Rechtsberatung Frankreich","description":"Die Kanzlei konzentriert sie sich in ihrer Arbeit vor allem auf Unternehmen und Privatkunden aus Deutschland, Frankreich und Polen.","robots":{"index":"index","follow":"follow","max-snippet":"max-snippet:-1","max-image-preview":"max-image-preview:large","max-video-preview":"max-video-preview:-1"},"canonical":"https:\/\/bledniak-avocat.com\/de\/","twitter_misc":{"Gesch\u00e4tzte Lesezeit":"1\u00a0Minute"},"schema":{"@context":"https:\/\/schema.org","@graph":[{"@type":"WebSite","@id":"https:\/\/bledniak-avocat.com\/pl\/#website","url":"https:\/\/bledniak-avocat.com\/pl\/","name":"Bledniak Avocat","description":"","potentialAction":[{"@type":"SearchAction","target":{"@type":"EntryPoint","urlTemplate":"https:\/\/bledniak-avocat.com\/pl\/?s={search_term_string}"},"query-input":"required name=search_term_string"}],"inLanguage":"de"},{"@type":"WebPage","@id":"https:\/\/bledniak-avocat.com\/de\/#webpage","url":"https:\/\/bledniak-avocat.com\/de\/","name":"Bledniak Avocat - Polnische Rechtsanw\u00e4ltin in Frankreich - Rechtsberatung Frankreich","isPartOf":{"@id":"https:\/\/bledniak-avocat.com\/pl\/#website"},"datePublished":"2012-04-17T17:27:33+00:00","dateModified":"2025-12-03T14:00:14+00:00","description":"Die Kanzlei konzentriert sie sich in ihrer Arbeit vor allem auf Unternehmen und Privatkunden aus Deutschland, Frankreich und Polen.","breadcrumb":{"@id":"https:\/\/bledniak-avocat.com\/de\/#breadcrumb"},"inLanguage":"de","potentialAction":[{"@type":"ReadAction","target":["https:\/\/bledniak-avocat.com\/de\/"]}]},{"@type":"BreadcrumbList","@id":"https:\/\/bledniak-avocat.com\/de\/#breadcrumb","itemListElement":[{"@type":"ListItem","position":1,"name":"Strona g\u0142\u00f3wna","item":"https:\/\/bledniak-avocat.com\/de\/"},{"@type":"ListItem","position":2,"name":"Kanzlei"}]}]}},"_links":{"self":[{"href":"https:\/\/bledniak-avocat.com\/de\/wp-json\/wp\/v2\/pages\/570"}],"collection":[{"href":"https:\/\/bledniak-avocat.com\/de\/wp-json\/wp\/v2\/pages"}],"about":[{"href":"https:\/\/bledniak-avocat.com\/de\/wp-json\/wp\/v2\/types\/page"}],"author":[{"embeddable":true,"href":"https:\/\/bledniak-avocat.com\/de\/wp-json\/wp\/v2\/users\/3"}],"replies":[{"embeddable":true,"href":"https:\/\/bledniak-avocat.com\/de\/wp-json\/wp\/v2\/comments?post=570"}],"version-history":[{"count":39,"href":"https:\/\/bledniak-avocat.com\/de\/wp-json\/wp\/v2\/pages\/570\/revisions"}],"predecessor-version":[{"id":2865,"href":"https:\/\/bledniak-avocat.com\/de\/wp-json\/wp\/v2\/pages\/570\/revisions\/2865"}],"wp:attachment":[{"href":"https:\/\/bledniak-avocat.com\/de\/wp-json\/wp\/v2\/media?parent=570"}],"curies":[{"name":"wp","href":"https:\/\/api.w.org\/{rel}","templated":true}]}}