{"id":624,"date":"2012-04-27T13:57:10","date_gmt":"2012-04-27T13:57:10","guid":{"rendered":"https:\/\/bledniak-avocat.com\/?page_id=624"},"modified":"2021-06-09T12:56:54","modified_gmt":"2021-06-09T10:56:54","slug":"online-rechtsberatung","status":"publish","type":"page","link":"https:\/\/bledniak-avocat.com\/de\/online-rechtsberatung\/","title":{"rendered":"Online Rechtsberatung"},"content":{"rendered":"<p style=\"text-align: justify;\">Bitte f\u00fcllen Sie das Formular aus! Wir werden uns dann mit Ihnen in Verbindung setzen. Dies ist f\u00fcr Sie kostenfrei und unverbindlich. Geb\u00fchren entstehen erst, wenn Sie uns beauftragen, und wir Sie beraten oder f\u00fcr Sie t\u00e4tig werden.<\/p>\n<div class=\"frm_forms  with_frm_style frm_style_style-formidable\" id=\"frm_form_2_container\" >\n<form enctype=\"multipart\/form-data\" method=\"post\" class=\"frm-show-form  frm_pro_form \" id=\"form_frzyuk\"  >\n<div class=\"frm_form_fields \">\n<fieldset>\n\r\n<div class=\"frm_fields_container\">\n<input type=\"hidden\" name=\"frm_action\" value=\"create\" \/>\n<input type=\"hidden\" name=\"form_id\" value=\"2\" \/>\n<input type=\"hidden\" name=\"frm_hide_fields_2\" id=\"frm_hide_fields_2\" value=\"\" \/>\n<input type=\"hidden\" name=\"form_key\" value=\"frzyuk\" \/>\n<input type=\"hidden\" name=\"item_meta[0]\" value=\"\" \/>\n<input type=\"hidden\" id=\"frm_submit_entry_2\" name=\"frm_submit_entry_2\" value=\"548f58b9b2\" \/><input type=\"hidden\" name=\"_wp_http_referer\" value=\"\/de\/wp-json\/wp\/v2\/pages\/624\" \/><div id=\"frm_field_8_container\" class=\"frm_form_field form-field  frm_required_field frm_top_container frm_left_half\">\r\n    <label class=\"frm_primary_label\">Name und Vorname\r\n        <span class=\"frm_required\">*<\/span>\r\n    <\/label>\r\n    <input type=\"text\" id=\"field_qtztme\" name=\"item_meta[8]\" value=\"\"  data-reqmsg=\"Pflichtfelder!\" aria-required=\"true\" data-invmsg=\"Name und Vorname ist ung\u00fcltig\" aria-invalid=\"false\"  \/>\r\n    \r\n    \r\n<\/div>\n<div id=\"frm_field_10_container\" class=\"frm_form_field form-field  frm_required_field frm_top_container frm_left_half\">\r\n    <label class=\"frm_primary_label\">E-mail\r\n        <span class=\"frm_required\">*<\/span>\r\n    <\/label>\r\n    <input type=\"email\" id=\"field_slrmac\" name=\"item_meta[10]\" value=\"\"  data-reqmsg=\"Pflichtfelder!\" aria-required=\"true\" data-invmsg=\"E-mail ist ung\u00fcltig\" aria-invalid=\"false\"  \/>\r\n    \r\n    \r\n<\/div>\n<div id=\"frm_field_11_container\" class=\"frm_form_field form-field  frm_top_container frm_left_half\">\r\n    <label class=\"frm_primary_label\">Telefon\r\n        <span class=\"frm_required\"><\/span>\r\n    <\/label>\r\n    <input type=\"url\" id=\"field_lwvd72\" name=\"item_meta[11]\" value=\"\"  data-invmsg=\"Telefon ist ung\u00fcltig\" aria-invalid=\"false\"  \/>\r\n    \r\n    \r\n<\/div>\n<div id=\"frm_field_18_container\" class=\"frm_form_field form-field  frm_top_container frm_left_half\">\r\n    <label class=\"frm_primary_label\">Stra\u00dfe und Hausnr.\r\n        <span class=\"frm_required\"><\/span>\r\n    <\/label>\r\n    <input type=\"text\" id=\"field_straeundhausnr\" name=\"item_meta[18]\" value=\"\"  data-invmsg=\"Stra\u00dfe und Hausnr. ist ung\u00fcltig\" aria-invalid=\"false\"  \/>\r\n    \r\n    \r\n<\/div>\n<div id=\"frm_field_19_container\" class=\"frm_form_field form-field  frm_top_container frm_left_half\">\r\n    <label class=\"frm_primary_label\">PLZ\r\n        <span class=\"frm_required\"><\/span>\r\n    <\/label>\r\n    <input type=\"text\" id=\"field_plz\" name=\"item_meta[19]\" value=\"\"  data-invmsg=\"PLZ ist ung\u00fcltig\" aria-invalid=\"false\"  \/>\r\n    \r\n    \r\n<\/div>\n<div id=\"frm_field_20_container\" class=\"frm_form_field form-field  frm_top_container frm_left_half\">\r\n    <label class=\"frm_primary_label\">Ort\r\n        <span class=\"frm_required\"><\/span>\r\n    <\/label>\r\n    <input type=\"text\" id=\"field_ort\" name=\"item_meta[20]\" value=\"\"  data-invmsg=\"Ort ist ung\u00fcltig\" aria-invalid=\"false\"  \/>\r\n    \r\n    \r\n<\/div>\n<div id=\"frm_field_13_container\" class=\"frm_form_field form-field  frm_required_field frm_top_container frm_full\">\r\n    <label class=\"frm_primary_label\">Ihre Nachricht\r\n        <span class=\"frm_required\">*<\/span>\r\n    <\/label>\r\n    <textarea name=\"item_meta[13]\" id=\"field_fzdq04\" rows=\"5\"  data-reqmsg=\"Pflichtfelder!\" aria-required=\"true\" data-invmsg=\"Ihre Nachricht ist ung\u00fcltig\" aria-invalid=\"false\"  ><\/textarea>\r\n    \r\n    \r\n<\/div>\n<div id=\"frm_field_14_container\" class=\"frm_form_field form-field  frm_none_container\">\r\n    <label class=\"frm_primary_label\">Captcha\r\n        <span class=\"frm_required\"><\/span>\r\n    <\/label>\r\n    \r\n    \r\n    \r\n<\/div>\n\t<input type=\"hidden\" name=\"item_key\" value=\"\" \/>\n\t<input name=\"frm_state\" type=\"hidden\" value=\"\/jJL0U13ZRlz\/TDsNZK0pI\/+Tq1iURCb3w+h+AKJvCg=\" \/><div class=\"frm_submit\">\r\n\r\n<input type=\"submit\" value=\"Abschicken \"  class=\"frm_final_submit\" formnovalidate=\"formnovalidate\" \/>\r\n<img class=\"frm_ajax_loading\" src=\"https:\/\/bledniak-avocat.com\/wp-content\/plugins\/formidable\/images\/ajax_loader.gif\" alt=\"Envoi\" style=\"visibility:hidden;\" \/>\r\n\r\n<\/div><\/div>\n<\/fieldset>\n<\/div>\n<\/form>\n<\/div>\n\n\n\n<a class='avocat-consultingwidget ' href='https:\/\/consultation.avocat.fr\/avocat-7105-ace3.html' data-widget-id='0636d1e95a206799b42c'>Consulter mon profil Avocat.fr<\/a><script>!function(d,s,id){var js,fjs=d.getElementsByTagName(s)[0];if(!d.getElementById(id)){js=d.createElement(s);js.id=id;js.src='https:\/\/consultation.avocat.fr\/js\/consultingwidget.js';fjs.parentNode.insertBefore(js,fjs);}}(document,'script','avocat-widget');<\/script>\n","protected":false},"excerpt":{"rendered":"<p>Bitte f\u00fcllen Sie das Formular aus! Wir werden uns dann mit Ihnen in Verbindung setzen. Dies ist f\u00fcr Sie kostenfrei und unverbindlich. Geb\u00fchren entstehen erst, wenn Sie uns beauftragen, und wir Sie beraten oder f\u00fcr Sie t\u00e4tig werden.<\/p>\n","protected":false},"author":3,"featured_media":0,"parent":0,"menu_order":0,"comment_status":"closed","ping_status":"closed","template":"","meta":{"_mi_skip_tracking":false},"yoast_head":"<!-- This site is optimized with the Yoast SEO plugin v18.9 - https:\/\/yoast.com\/wordpress\/plugins\/seo\/ -->\n<title>Online Rechtsberatung - Bledniak Avocat<\/title>\n<meta name=\"robots\" content=\"index, follow, max-snippet:-1, max-image-preview:large, max-video-preview:-1\" \/>\n<link rel=\"canonical\" href=\"https:\/\/bledniak-avocat.com\/de\/online-rechtsberatung\/\" \/>\n<script type=\"application\/ld+json\" class=\"yoast-schema-graph\">{\"@context\":\"https:\/\/schema.org\",\"@graph\":[{\"@type\":\"WebSite\",\"@id\":\"https:\/\/bledniak-avocat.com\/pl\/#website\",\"url\":\"https:\/\/bledniak-avocat.com\/pl\/\",\"name\":\"Bledniak Avocat\",\"description\":\"\",\"potentialAction\":[{\"@type\":\"SearchAction\",\"target\":{\"@type\":\"EntryPoint\",\"urlTemplate\":\"https:\/\/bledniak-avocat.com\/pl\/?s={search_term_string}\"},\"query-input\":\"required name=search_term_string\"}],\"inLanguage\":\"de\"},{\"@type\":\"WebPage\",\"@id\":\"https:\/\/bledniak-avocat.com\/de\/online-rechtsberatung\/#webpage\",\"url\":\"https:\/\/bledniak-avocat.com\/de\/online-rechtsberatung\/\",\"name\":\"Online Rechtsberatung - Bledniak Avocat\",\"isPartOf\":{\"@id\":\"https:\/\/bledniak-avocat.com\/pl\/#website\"},\"datePublished\":\"2012-04-27T13:57:10+00:00\",\"dateModified\":\"2021-06-09T10:56:54+00:00\",\"breadcrumb\":{\"@id\":\"https:\/\/bledniak-avocat.com\/de\/online-rechtsberatung\/#breadcrumb\"},\"inLanguage\":\"de\",\"potentialAction\":[{\"@type\":\"ReadAction\",\"target\":[\"https:\/\/bledniak-avocat.com\/de\/online-rechtsberatung\/\"]}]},{\"@type\":\"BreadcrumbList\",\"@id\":\"https:\/\/bledniak-avocat.com\/de\/online-rechtsberatung\/#breadcrumb\",\"itemListElement\":[{\"@type\":\"ListItem\",\"position\":1,\"name\":\"Strona g\u0142\u00f3wna\",\"item\":\"https:\/\/bledniak-avocat.com\/de\/\"},{\"@type\":\"ListItem\",\"position\":2,\"name\":\"Online Rechtsberatung\"}]}]}<\/script>\n<!-- \/ Yoast SEO plugin. -->","yoast_head_json":{"title":"Online Rechtsberatung - Bledniak Avocat","robots":{"index":"index","follow":"follow","max-snippet":"max-snippet:-1","max-image-preview":"max-image-preview:large","max-video-preview":"max-video-preview:-1"},"canonical":"https:\/\/bledniak-avocat.com\/de\/online-rechtsberatung\/","schema":{"@context":"https:\/\/schema.org","@graph":[{"@type":"WebSite","@id":"https:\/\/bledniak-avocat.com\/pl\/#website","url":"https:\/\/bledniak-avocat.com\/pl\/","name":"Bledniak Avocat","description":"","potentialAction":[{"@type":"SearchAction","target":{"@type":"EntryPoint","urlTemplate":"https:\/\/bledniak-avocat.com\/pl\/?s={search_term_string}"},"query-input":"required name=search_term_string"}],"inLanguage":"de"},{"@type":"WebPage","@id":"https:\/\/bledniak-avocat.com\/de\/online-rechtsberatung\/#webpage","url":"https:\/\/bledniak-avocat.com\/de\/online-rechtsberatung\/","name":"Online Rechtsberatung - Bledniak Avocat","isPartOf":{"@id":"https:\/\/bledniak-avocat.com\/pl\/#website"},"datePublished":"2012-04-27T13:57:10+00:00","dateModified":"2021-06-09T10:56:54+00:00","breadcrumb":{"@id":"https:\/\/bledniak-avocat.com\/de\/online-rechtsberatung\/#breadcrumb"},"inLanguage":"de","potentialAction":[{"@type":"ReadAction","target":["https:\/\/bledniak-avocat.com\/de\/online-rechtsberatung\/"]}]},{"@type":"BreadcrumbList","@id":"https:\/\/bledniak-avocat.com\/de\/online-rechtsberatung\/#breadcrumb","itemListElement":[{"@type":"ListItem","position":1,"name":"Strona g\u0142\u00f3wna","item":"https:\/\/bledniak-avocat.com\/de\/"},{"@type":"ListItem","position":2,"name":"Online Rechtsberatung"}]}]}},"_links":{"self":[{"href":"https:\/\/bledniak-avocat.com\/de\/wp-json\/wp\/v2\/pages\/624"}],"collection":[{"href":"https:\/\/bledniak-avocat.com\/de\/wp-json\/wp\/v2\/pages"}],"about":[{"href":"https:\/\/bledniak-avocat.com\/de\/wp-json\/wp\/v2\/types\/page"}],"author":[{"embeddable":true,"href":"https:\/\/bledniak-avocat.com\/de\/wp-json\/wp\/v2\/users\/3"}],"replies":[{"embeddable":true,"href":"https:\/\/bledniak-avocat.com\/de\/wp-json\/wp\/v2\/comments?post=624"}],"version-history":[{"count":3,"href":"https:\/\/bledniak-avocat.com\/de\/wp-json\/wp\/v2\/pages\/624\/revisions"}],"predecessor-version":[{"id":1667,"href":"https:\/\/bledniak-avocat.com\/de\/wp-json\/wp\/v2\/pages\/624\/revisions\/1667"}],"wp:attachment":[{"href":"https:\/\/bledniak-avocat.com\/de\/wp-json\/wp\/v2\/media?parent=624"}],"curies":[{"name":"wp","href":"https:\/\/api.w.org\/{rel}","templated":true}]}}