{"id":998,"date":"2015-02-03T12:06:30","date_gmt":"2015-02-03T12:06:30","guid":{"rendered":"https:\/\/bledniak-avocat.com\/?page_id=998"},"modified":"2026-02-12T17:01:10","modified_gmt":"2026-02-12T15:01:10","slug":"zivilrecht","status":"publish","type":"page","link":"https:\/\/bledniak-avocat.com\/de\/zivilrecht\/","title":{"rendered":"Gerichtsverfahren"},"content":{"rendered":"\n<hr class=\"wp-block-separator\"\/>\n\n\n\n<h2>Prozessf\u00fchrung &amp; Forderungsdurchsetzung<\/h2>\n\n\n\n<p>Wir vertreten Unternehmen konsequent bei der gerichtlichen Durchsetzung vertraglicher Anspr\u00fcche \u2013 insbesondere bei Zahlungsklagen aus Bauvertr\u00e4gen, Handelsvertr\u00e4gen und sonstigen wirtschaftsrechtlichen Vertragsverh\u00e4ltnissen.<\/p>\n\n\n\n<p>Ein besonderer Schwerpunkt liegt auf der strategischen Sicherung von Forderungen. Wir begleiten Sicherungs- und Vollstreckungsverfahren, vertreten unsere Mandanten vor Vollstreckungsbeh\u00f6rden und f\u00fchren Ma\u00dfnahmen zur Anspruchssicherung durch \u2013 etwa Pf\u00e4ndungen beweglicher Verm\u00f6genswerte oder die Bestellung von Sicherungshypotheken.<\/p>\n\n\n\n<p>Im <strong>Transport- und Logistiksektor<\/strong> setzen wir Forderungen sowohl national als auch international durch. Dies umfasst insbesondere direkte Anspr\u00fcche sowie Haftungsfragen von Frachtf\u00fchrern und Spediteuren nach den einschl\u00e4gigen nationalen Vorschriften und dem CMR-\u00dcbereinkommen.<\/p>\n\n\n\n<p>Dar\u00fcber hinaus vertreten wir Investoren, Auftragnehmer und Subunternehmer in komplexen Bausachen \u2013 sowohl au\u00dfergerichtlich als auch vor staatlichen Gerichten.<\/p>\n\n\n\n<p>Auch nach Titelerlangung bleiben wir an der Seite unserer Mandanten und \u00fcberwachen die Vollstreckungsma\u00dfnahmen bis zur tats\u00e4chlichen Realisierung der Forderung.<\/p>\n\n\n\n<p>Unser Ziel: effiziente Durchsetzung wirtschaftlicher Interessen \u2013 strukturiert, strategisch und mit internationaler Erfahrung.<\/p>\n\n\n\n<h2 class=\"has-black-color has-pale-cyan-blue-background-color has-text-color has-background has-large-font-size\">BLOG<\/h2>\n\n\n<ul class=\"wp-block-latest-posts__list wp-block-latest-posts\"><li><a href=\"https:\/\/bledniak-avocat.com\/de\/auslaendische-online-verkaeufer-unter-der-lupe-frankreichs-neue-verbraucherpflichten-perspektive-des-e-commerce\/\">Ausl\u00e4ndische Online-Verk\u00e4ufer unter der Lupe Frankreichs: Neue Verbraucherpflichten \u2013 Perspektive des E-Commerce<\/a><div class=\"wp-block-latest-posts__post-excerpt\">Frankreich versteht beim Verbraucherschutz keinen Spa\u00df. In Zeiten des dynamischen Wachstums des E-Commerce, in denen Tausende von Online-Shops von \u00fcberall [&hellip;]<\/div><\/li>\n<li><a href=\"https:\/\/bledniak-avocat.com\/de\/rechtssicher-in-frankreich-agieren\/\">Rechtssicher in Frankreich agieren<\/a><div class=\"wp-block-latest-posts__post-excerpt\">Arbeitsrechtliche und wirtschaftliche Schl\u00fcsselthemen f\u00fcr ausl\u00e4ndische Unternehmen Frankreich ist einer der wichtigsten M\u00e4rkte Europas \u2013 attraktiv, kaufkr\u00e4ftig und strukturell stabil. [&hellip;]<\/div><\/li>\n<li><a href=\"https:\/\/bledniak-avocat.com\/de\/mitarbeiter-berichtet-nicht-und-erreicht-ziele-nicht\/\">Mitarbeiter berichtet nicht und erreicht Ziele nicht<\/a><div class=\"wp-block-latest-posts__post-excerpt\">Darf der Arbeitgeber k\u00fcndigen \u2013 und was kostet das in Frankreich? Wenn ein Arbeitnehmer \u2013 insbesondere im Vertrieb \u2013 seine [&hellip;]<\/div><\/li>\n<li><a href=\"https:\/\/bledniak-avocat.com\/de\/recruiting-in-frankreich\/\">Recruiting in Frankreich<\/a><div class=\"wp-block-latest-posts__post-excerpt\">Die gr\u00f6\u00dften Fallstricke f\u00fcr ausl\u00e4ndische Arbeitgeber Frankreich z\u00e4hlt zu den attraktivsten M\u00e4rkten Europas. Gleichzeitig ist das franz\u00f6sische Arbeitsrecht eines der [&hellip;]<\/div><\/li>\n<li><a href=\"https:\/\/bledniak-avocat.com\/de\/mitarbeiter-kundigt-streik-an\/\">Mitarbeiter k\u00fcndigt Streik an:<\/a><div class=\"wp-block-latest-posts__post-excerpt\">Was darf \u2013 und was darf nicht \u2013 ein ausl\u00e4ndischer Arbeitgeber in Frankreich? Das Streikrecht (droit de gr\u00e8ve) besitzt in [&hellip;]<\/div><\/li>\n<li><a href=\"https:\/\/bledniak-avocat.com\/de\/franzoesisches-arbeitsrecht-eldorado-fuer-arbeitnehmer-falle-fuer-auslaendische-arbeitgeber\/\">Franz\u00f6sisches Arbeitsrecht \u2013 Eldorado f\u00fcr Arbeitnehmer, Falle f\u00fcr ausl\u00e4ndische Arbeitgeber?<\/a><div class=\"wp-block-latest-posts__post-excerpt\">Frankreich gilt als eines der L\u00e4nder mit dem arbeitnehmerfreundlichsten Arbeitsrecht in Europa. Es bietet Besch\u00e4ftigten Stabilit\u00e4t und eine starke Verhandlungsposition [&hellip;]<\/div><\/li>\n<li><a href=\"https:\/\/bledniak-avocat.com\/de\/wie-man-eine-gesellschaft-in-frankreich-gruendet-franzoesisches-gesellschaft-am-beispiel-der-transportbranche\/\">Wie man eine Gesellschaft in Frankreich gr\u00fcndet. Franz\u00f6sisches Gesellschaft am Beispiel der Transportbranche<\/a><div class=\"wp-block-latest-posts__post-excerpt\">\u201eDa ist etwas faul \u2026\u201c \u2013 das war mein erster Gedanke, nachdem ich mehrere Wochen lang zahlreiche Anfragen von Transportunternehmen [&hellip;]<\/div><\/li>\n<li><a href=\"https:\/\/bledniak-avocat.com\/de\/interview-fur-ein-polnisches-magazin-kapital-polski\/\">Interview fur ein polnisches magazin &#8222;Kapital polski&#8220;<\/a><div class=\"wp-block-latest-posts__post-excerpt\"><\/div><\/li>\n<li><a href=\"https:\/\/bledniak-avocat.com\/de\/newsletter-10-2021\/\">Newsletter 10.2021<\/a><div class=\"wp-block-latest-posts__post-excerpt\"><\/div><\/li>\n<\/ul>","protected":false},"excerpt":{"rendered":"<p>Prozessf\u00fchrung &amp; Forderungsdurchsetzung Wir vertreten Unternehmen konsequent bei der gerichtlichen Durchsetzung vertraglicher Anspr\u00fcche \u2013 insbesondere bei Zahlungsklagen aus Bauvertr\u00e4gen, Handelsvertr\u00e4gen und sonstigen wirtschaftsrechtlichen Vertragsverh\u00e4ltnissen. Ein besonderer Schwerpunkt liegt auf der strategischen Sicherung von Forderungen. Wir begleiten Sicherungs- und Vollstreckungsverfahren, vertreten unsere Mandanten vor Vollstreckungsbeh\u00f6rden und f\u00fchren Ma\u00dfnahmen zur Anspruchssicherung durch \u2013 etwa Pf\u00e4ndungen beweglicher Verm\u00f6genswerte [&hellip;]<\/p>\n","protected":false},"author":3,"featured_media":0,"parent":0,"menu_order":0,"comment_status":"closed","ping_status":"closed","template":"","meta":{"_mi_skip_tracking":false},"yoast_head":"<!-- This site is optimized with the Yoast SEO plugin v18.9 - https:\/\/yoast.com\/wordpress\/plugins\/seo\/ -->\n<title>Gerichtsverfahren - Bledniak Avocat<\/title>\n<meta name=\"robots\" content=\"index, follow, max-snippet:-1, max-image-preview:large, max-video-preview:-1\" \/>\n<link rel=\"canonical\" href=\"https:\/\/bledniak-avocat.com\/de\/zivilrecht\/\" \/>\n<meta name=\"twitter:label1\" content=\"Gesch\u00e4tzte Lesezeit\" \/>\n\t<meta name=\"twitter:data1\" content=\"1\u00a0Minute\" \/>\n<script type=\"application\/ld+json\" class=\"yoast-schema-graph\">{\"@context\":\"https:\/\/schema.org\",\"@graph\":[{\"@type\":\"WebSite\",\"@id\":\"https:\/\/bledniak-avocat.com\/pl\/#website\",\"url\":\"https:\/\/bledniak-avocat.com\/pl\/\",\"name\":\"Bledniak Avocat\",\"description\":\"\",\"potentialAction\":[{\"@type\":\"SearchAction\",\"target\":{\"@type\":\"EntryPoint\",\"urlTemplate\":\"https:\/\/bledniak-avocat.com\/pl\/?s={search_term_string}\"},\"query-input\":\"required name=search_term_string\"}],\"inLanguage\":\"de\"},{\"@type\":\"WebPage\",\"@id\":\"https:\/\/bledniak-avocat.com\/de\/zivilrecht\/#webpage\",\"url\":\"https:\/\/bledniak-avocat.com\/de\/zivilrecht\/\",\"name\":\"Gerichtsverfahren - Bledniak Avocat\",\"isPartOf\":{\"@id\":\"https:\/\/bledniak-avocat.com\/pl\/#website\"},\"datePublished\":\"2015-02-03T12:06:30+00:00\",\"dateModified\":\"2026-02-12T15:01:10+00:00\",\"breadcrumb\":{\"@id\":\"https:\/\/bledniak-avocat.com\/de\/zivilrecht\/#breadcrumb\"},\"inLanguage\":\"de\",\"potentialAction\":[{\"@type\":\"ReadAction\",\"target\":[\"https:\/\/bledniak-avocat.com\/de\/zivilrecht\/\"]}]},{\"@type\":\"BreadcrumbList\",\"@id\":\"https:\/\/bledniak-avocat.com\/de\/zivilrecht\/#breadcrumb\",\"itemListElement\":[{\"@type\":\"ListItem\",\"position\":1,\"name\":\"Strona g\u0142\u00f3wna\",\"item\":\"https:\/\/bledniak-avocat.com\/de\/\"},{\"@type\":\"ListItem\",\"position\":2,\"name\":\"Gerichtsverfahren\"}]}]}<\/script>\n<!-- \/ Yoast SEO plugin. -->","yoast_head_json":{"title":"Gerichtsverfahren - Bledniak Avocat","robots":{"index":"index","follow":"follow","max-snippet":"max-snippet:-1","max-image-preview":"max-image-preview:large","max-video-preview":"max-video-preview:-1"},"canonical":"https:\/\/bledniak-avocat.com\/de\/zivilrecht\/","twitter_misc":{"Gesch\u00e4tzte Lesezeit":"1\u00a0Minute"},"schema":{"@context":"https:\/\/schema.org","@graph":[{"@type":"WebSite","@id":"https:\/\/bledniak-avocat.com\/pl\/#website","url":"https:\/\/bledniak-avocat.com\/pl\/","name":"Bledniak Avocat","description":"","potentialAction":[{"@type":"SearchAction","target":{"@type":"EntryPoint","urlTemplate":"https:\/\/bledniak-avocat.com\/pl\/?s={search_term_string}"},"query-input":"required name=search_term_string"}],"inLanguage":"de"},{"@type":"WebPage","@id":"https:\/\/bledniak-avocat.com\/de\/zivilrecht\/#webpage","url":"https:\/\/bledniak-avocat.com\/de\/zivilrecht\/","name":"Gerichtsverfahren - Bledniak Avocat","isPartOf":{"@id":"https:\/\/bledniak-avocat.com\/pl\/#website"},"datePublished":"2015-02-03T12:06:30+00:00","dateModified":"2026-02-12T15:01:10+00:00","breadcrumb":{"@id":"https:\/\/bledniak-avocat.com\/de\/zivilrecht\/#breadcrumb"},"inLanguage":"de","potentialAction":[{"@type":"ReadAction","target":["https:\/\/bledniak-avocat.com\/de\/zivilrecht\/"]}]},{"@type":"BreadcrumbList","@id":"https:\/\/bledniak-avocat.com\/de\/zivilrecht\/#breadcrumb","itemListElement":[{"@type":"ListItem","position":1,"name":"Strona g\u0142\u00f3wna","item":"https:\/\/bledniak-avocat.com\/de\/"},{"@type":"ListItem","position":2,"name":"Gerichtsverfahren"}]}]}},"_links":{"self":[{"href":"https:\/\/bledniak-avocat.com\/de\/wp-json\/wp\/v2\/pages\/998"}],"collection":[{"href":"https:\/\/bledniak-avocat.com\/de\/wp-json\/wp\/v2\/pages"}],"about":[{"href":"https:\/\/bledniak-avocat.com\/de\/wp-json\/wp\/v2\/types\/page"}],"author":[{"embeddable":true,"href":"https:\/\/bledniak-avocat.com\/de\/wp-json\/wp\/v2\/users\/3"}],"replies":[{"embeddable":true,"href":"https:\/\/bledniak-avocat.com\/de\/wp-json\/wp\/v2\/comments?post=998"}],"version-history":[{"count":4,"href":"https:\/\/bledniak-avocat.com\/de\/wp-json\/wp\/v2\/pages\/998\/revisions"}],"predecessor-version":[{"id":3309,"href":"https:\/\/bledniak-avocat.com\/de\/wp-json\/wp\/v2\/pages\/998\/revisions\/3309"}],"wp:attachment":[{"href":"https:\/\/bledniak-avocat.com\/de\/wp-json\/wp\/v2\/media?parent=998"}],"curies":[{"name":"wp","href":"https:\/\/api.w.org\/{rel}","templated":true}]}}