{"id":2577,"date":"2022-04-29T12:48:41","date_gmt":"2022-04-29T10:48:41","guid":{"rendered":"https:\/\/bledniak-avocat.com\/?page_id=2577"},"modified":"2022-05-20T19:41:41","modified_gmt":"2022-05-20T17:41:41","slug":"e-commerce-zagadnienia-prawne-i-handlowe-rynku-francuskiego","status":"publish","type":"page","link":"https:\/\/bledniak-avocat.com\/pl\/e-commerce-zagadnienia-prawne-i-handlowe-rynku-francuskiego\/","title":{"rendered":"E-Commerce &#8211; zagadnienia prawne i handlowe na rynku francuskim"},"content":{"rendered":"\n<p id=\"E-commerce\">Zapraszamy na <strong>praktyczne szkolenie online<\/strong> przygotowane z my\u015bl\u0105 o przedsi\u0119biorcach z bran\u017cy e-commerce na rynku francuskim i wszystkich zainteresowanych prawami konsumenta, organizacj\u0105 logistyki i modelami biznesowymi praktykowanymi we Francji. <\/p>\n\n\n\n<p><strong><u>W programie<\/u><\/strong>:<\/p>\n\n\n\n<p>Aspekty prawne:<\/p>\n\n\n\n<ol type=\"1\"><li>Podstawowe poj\u0119cia z zakresu handlu elektronicznego, kt\u00f3re powinien zna\u0107 ka\u017cdy e-przedsi\u0119biorca (przedwst\u0119pne obowi\u0105zki informacyjne, CNIL, RGPD).<\/li><li>Prawo konsumenckie \u2013 najwa\u017cniejsze klauzule.<\/li><li>Regulamin sklepu internetowego.<\/li><li>Proces sk\u0142adania zam\u00f3wienia przy sprzeda\u017cy online (zawarcie umowy, akceptacja, zaplata, potwierdzenie zam\u00f3wienia, archiwizacja, gwarancje, dostawa, odst\u0105pienie od umowy, mediacja).<\/li><li>Przyk\u0142ady klauzul niedozwolonych.<\/li><li>Ochrona danych osobowych.<\/li><\/ol>\n\n\n\n<p>Aspekty handlowe (prelegent goscinny):<\/p>\n\n\n\n<ol type=\"1\" start=\"7\"><li>\u015arodowisko, volumen i tendencje w e-commerce.<\/li><li>Jaki model biznesowy? (marketplace, abonament\/ box, dropshipping etc.)<\/li><li>Jak zdefiniowa\u0107 swoj\u0105 strategi\u0119 marketingow\u0105?<\/li><li>Jakie metody dostawy wybra\u0107?<\/li><li>Jak zarz\u0105dza\u0107 stokiem lokalnie?<\/li><li>Wyb\u00f3r rozwi\u0105za\u0144 technicznych.<\/li><\/ol>\n\n\n\n<p>Sesja pyta\u0144 i odpowiedzi<\/p>\n\n\n\n<p><strong><u>Prelegenci<\/u><\/strong>:<\/p>\n\n\n\n<p><strong>Marta Bledniak, L.L.M.<\/strong>&nbsp;\u2013&nbsp;Adwokat przy Okr\u0119gowej Izbie Adwokackiej w Tuluzie we Francji oraz prawnik zagraniczny przy Okr\u0119gowej Izbie&nbsp;Radc\u00f3w Prawnych we Wroc\u0142awiu oraz Okr\u0119gowej Izbie Adwokackiej w Monachium; w\u0142a\u015bcicielka kancelarii prawnej specjalizuj\u0105ca si\u0119 w mi\u0119dzynarodowym obrocie gospodarczym oraz francuskim i europejskim prawie pracy; obs\u0142uguje zagraniczny biznes w&nbsp;zakresie prawa francuskiego. Cz\u0142onek Francusko-polskiej Izby Handlowej w Warszawie. Cz\u0142onek komisji egzaminacyjnej do spraw aplikacji adwokackiej przy Okr\u0119gowej Izbie Adwokackiej&nbsp;w Tuluzie. Zdoby\u0142a do\u015bwiadczenie w zakresie szkole\u0144 jako prelegent Europejskiego Instytutu Mobilno\u015bci Pracy, Izby Przemys\u0142owo \u2013 Handlowej w Krakowie, Dolno\u015bl\u0105skiej Izby Gospodarczej oraz Francusko \u2013 polskiej Izby Handlowej w Warszawie. Posiada biura w Tuluzie, we Wroc\u0142awiu i w Monachium. Wi\u0119cej informacji: <a href=\"https:\/\/bledniak-avocat.com\/pl\/\">Bledniak Avocat &#8211; obs\u0142uga prawna Francja | polski prawnik adwokat &#8211; kancelaria prawna Francja (bledniak-avocat.com)<\/a><\/p>\n\n\n\n<p><\/p>\n\n\n\n<p>Formu\u0142a: <strong>szkolenie on-line \u2013 za pomoc\u0105 platformy MS TEAMS<\/strong>.<\/p>\n\n\n\n<p>Czas szkolenia: godz. <strong>10.00-14.30<\/strong>.<\/p>\n\n\n\n<p>Dla kogo<strong>:<\/strong> Szkolenie dla M\u015aP z wojew\u00f3dztwa kuj-pom., w szczeg\u00f3lno\u015bci z bran\u017cy e-commerce dzia\u0142aj\u0105cych lub zamierzaj\u0105cych dzia\u0142a\u0107 na rynku francuskim, zainteresowanych prawami konsumenta, organizacj\u0105 logistyki i business modelami praktykowanymi we Francji.<\/p>\n","protected":false},"excerpt":{"rendered":"<p>Zapraszamy na praktyczne szkolenie online przygotowane z my\u015bl\u0105 o przedsi\u0119biorcach z bran\u017cy e-commerce na rynku francuskim i wszystkich zainteresowanych prawami konsumenta, organizacj\u0105 logistyki i modelami biznesowymi praktykowanymi we Francji. W programie: Aspekty prawne: Podstawowe poj\u0119cia z zakresu handlu elektronicznego, kt\u00f3re powinien zna\u0107 ka\u017cdy e-przedsi\u0119biorca (przedwst\u0119pne obowi\u0105zki informacyjne, CNIL, RGPD). Prawo konsumenckie \u2013 najwa\u017cniejsze klauzule. Regulamin [&hellip;]<\/p>\n","protected":false},"author":4,"featured_media":0,"parent":0,"menu_order":0,"comment_status":"closed","ping_status":"closed","template":"","meta":{"_mi_skip_tracking":false},"yoast_head":"<!-- This site is optimized with the Yoast SEO plugin v18.9 - https:\/\/yoast.com\/wordpress\/plugins\/seo\/ -->\n<title>e commerce we Francji - zagadnienia prawne i handlowe na rynku francuskim - Bledniak Avocat<\/title>\n<meta name=\"robots\" content=\"index, follow, max-snippet:-1, max-image-preview:large, max-video-preview:-1\" \/>\n<link rel=\"canonical\" href=\"https:\/\/bledniak-avocat.com\/pl\/e-commerce-zagadnienia-prawne-i-handlowe-rynku-francuskiego\/\" \/>\n<meta name=\"twitter:label1\" content=\"Szacowany czas czytania\" \/>\n\t<meta name=\"twitter:data1\" content=\"2 minuty\" \/>\n<script type=\"application\/ld+json\" class=\"yoast-schema-graph\">{\"@context\":\"https:\/\/schema.org\",\"@graph\":[{\"@type\":\"WebSite\",\"@id\":\"https:\/\/bledniak-avocat.com\/pl\/#website\",\"url\":\"https:\/\/bledniak-avocat.com\/pl\/\",\"name\":\"Bledniak Avocat\",\"description\":\"\",\"potentialAction\":[{\"@type\":\"SearchAction\",\"target\":{\"@type\":\"EntryPoint\",\"urlTemplate\":\"https:\/\/bledniak-avocat.com\/pl\/?s={search_term_string}\"},\"query-input\":\"required name=search_term_string\"}],\"inLanguage\":\"pl-PL\"},{\"@type\":\"WebPage\",\"@id\":\"https:\/\/bledniak-avocat.com\/pl\/e-commerce-zagadnienia-prawne-i-handlowe-rynku-francuskiego\/#webpage\",\"url\":\"https:\/\/bledniak-avocat.com\/pl\/e-commerce-zagadnienia-prawne-i-handlowe-rynku-francuskiego\/\",\"name\":\"e commerce we Francji - zagadnienia prawne i handlowe na rynku francuskim - Bledniak Avocat\",\"isPartOf\":{\"@id\":\"https:\/\/bledniak-avocat.com\/pl\/#website\"},\"datePublished\":\"2022-04-29T10:48:41+00:00\",\"dateModified\":\"2022-05-20T17:41:41+00:00\",\"breadcrumb\":{\"@id\":\"https:\/\/bledniak-avocat.com\/pl\/e-commerce-zagadnienia-prawne-i-handlowe-rynku-francuskiego\/#breadcrumb\"},\"inLanguage\":\"pl-PL\",\"potentialAction\":[{\"@type\":\"ReadAction\",\"target\":[\"https:\/\/bledniak-avocat.com\/pl\/e-commerce-zagadnienia-prawne-i-handlowe-rynku-francuskiego\/\"]}]},{\"@type\":\"BreadcrumbList\",\"@id\":\"https:\/\/bledniak-avocat.com\/pl\/e-commerce-zagadnienia-prawne-i-handlowe-rynku-francuskiego\/#breadcrumb\",\"itemListElement\":[{\"@type\":\"ListItem\",\"position\":1,\"name\":\"Strona g\u0142\u00f3wna\",\"item\":\"https:\/\/bledniak-avocat.com\/pl\/\"},{\"@type\":\"ListItem\",\"position\":2,\"name\":\"E-Commerce &#8211; zagadnienia prawne i handlowe na rynku francuskim\"}]}]}<\/script>\n<!-- \/ Yoast SEO plugin. -->","yoast_head_json":{"title":"e commerce we Francji - zagadnienia prawne i handlowe na rynku francuskim - Bledniak Avocat","robots":{"index":"index","follow":"follow","max-snippet":"max-snippet:-1","max-image-preview":"max-image-preview:large","max-video-preview":"max-video-preview:-1"},"canonical":"https:\/\/bledniak-avocat.com\/pl\/e-commerce-zagadnienia-prawne-i-handlowe-rynku-francuskiego\/","twitter_misc":{"Szacowany czas czytania":"2 minuty"},"schema":{"@context":"https:\/\/schema.org","@graph":[{"@type":"WebSite","@id":"https:\/\/bledniak-avocat.com\/pl\/#website","url":"https:\/\/bledniak-avocat.com\/pl\/","name":"Bledniak Avocat","description":"","potentialAction":[{"@type":"SearchAction","target":{"@type":"EntryPoint","urlTemplate":"https:\/\/bledniak-avocat.com\/pl\/?s={search_term_string}"},"query-input":"required name=search_term_string"}],"inLanguage":"pl-PL"},{"@type":"WebPage","@id":"https:\/\/bledniak-avocat.com\/pl\/e-commerce-zagadnienia-prawne-i-handlowe-rynku-francuskiego\/#webpage","url":"https:\/\/bledniak-avocat.com\/pl\/e-commerce-zagadnienia-prawne-i-handlowe-rynku-francuskiego\/","name":"e commerce we Francji - zagadnienia prawne i handlowe na rynku francuskim - Bledniak Avocat","isPartOf":{"@id":"https:\/\/bledniak-avocat.com\/pl\/#website"},"datePublished":"2022-04-29T10:48:41+00:00","dateModified":"2022-05-20T17:41:41+00:00","breadcrumb":{"@id":"https:\/\/bledniak-avocat.com\/pl\/e-commerce-zagadnienia-prawne-i-handlowe-rynku-francuskiego\/#breadcrumb"},"inLanguage":"pl-PL","potentialAction":[{"@type":"ReadAction","target":["https:\/\/bledniak-avocat.com\/pl\/e-commerce-zagadnienia-prawne-i-handlowe-rynku-francuskiego\/"]}]},{"@type":"BreadcrumbList","@id":"https:\/\/bledniak-avocat.com\/pl\/e-commerce-zagadnienia-prawne-i-handlowe-rynku-francuskiego\/#breadcrumb","itemListElement":[{"@type":"ListItem","position":1,"name":"Strona g\u0142\u00f3wna","item":"https:\/\/bledniak-avocat.com\/pl\/"},{"@type":"ListItem","position":2,"name":"E-Commerce &#8211; zagadnienia prawne i handlowe na rynku francuskim"}]}]}},"_links":{"self":[{"href":"https:\/\/bledniak-avocat.com\/pl\/wp-json\/wp\/v2\/pages\/2577"}],"collection":[{"href":"https:\/\/bledniak-avocat.com\/pl\/wp-json\/wp\/v2\/pages"}],"about":[{"href":"https:\/\/bledniak-avocat.com\/pl\/wp-json\/wp\/v2\/types\/page"}],"author":[{"embeddable":true,"href":"https:\/\/bledniak-avocat.com\/pl\/wp-json\/wp\/v2\/users\/4"}],"replies":[{"embeddable":true,"href":"https:\/\/bledniak-avocat.com\/pl\/wp-json\/wp\/v2\/comments?post=2577"}],"version-history":[{"count":5,"href":"https:\/\/bledniak-avocat.com\/pl\/wp-json\/wp\/v2\/pages\/2577\/revisions"}],"predecessor-version":[{"id":2586,"href":"https:\/\/bledniak-avocat.com\/pl\/wp-json\/wp\/v2\/pages\/2577\/revisions\/2586"}],"wp:attachment":[{"href":"https:\/\/bledniak-avocat.com\/pl\/wp-json\/wp\/v2\/media?parent=2577"}],"curies":[{"name":"wp","href":"https:\/\/api.w.org\/{rel}","templated":true}]}}