{"id":2922,"date":"2025-10-24T13:34:39","date_gmt":"2025-10-24T11:34:39","guid":{"rendered":"https:\/\/bledniak-avocat.com\/?page_id=2922"},"modified":"2026-02-12T17:13:26","modified_gmt":"2026-02-12T15:13:26","slug":"spolki","status":"publish","type":"page","link":"https:\/\/bledniak-avocat.com\/pl\/spolki\/","title":{"rendered":"Sp\u00f3\u0142ki"},"content":{"rendered":"\n<h2>W czym pomagamy?<\/h2>\n\n\n\n<ul><li>Rekomendacje maj\u0105ce na celu zapewnienie zgodno\u015bci funkcjonowania przedsi\u0119biorstw z francuskimi przepisami prawa.<\/li><li>Audyty istniej\u0105cych regulacji i dostosowanie ich do struktur organizacyjnych oraz charakterystyki prowadzonej dzia\u0142alno\u015bci.<\/li><li>Bie\u017c\u0105ca obs\u0142uga przedsi\u0119biorc\u00f3w i przedsi\u0119biorstw (Walne Zgromadzenia Wsp\u00f3lnik\u00f3w) we Francji;<\/li><li>Tworzenie i opiniowanie um\u00f3w, (umowy o roboty budowlane, podwykonawcze, o \u015bwiadczenie us\u0142ug budowlanych, agencyjne, etc);<\/li><li>Akty za\u0142o\u017cycielskie sp\u00f3\u0142ek i innych os\u00f3b prawnych oraz akty wewn\u0119trznych podmiot\u00f3w gospodarczych \u2013 umowy, statuty, regulaminy (prawo sp\u00f3\u0142ek);<\/li><li>Sprawy rejestracyjne;<\/li><li>Przekszta\u0142cenie sp\u00f3\u0142ek;<\/li><li>Umowy zakupu udzia\u0142\u00f3w i akcji sp\u00f3\u0142ek oraz umowy sprzeda\u017cy przedsi\u0119biorstwa;<\/li><li>Post\u0119powania naprawcze, upad\u0142o\u015bciowe, likwidacyjne tak\u017ce w ramach uk\u0142adu z wierzycielami, zar\u00f3wno po stronie upad\u0142ego, jak i po stronie wierzycieli, zg\u0142oszenia wierzytelno\u015bci, monitoring.<\/li><\/ul>\n\n\n\n<div class=\"wp-container-1 wp-block-group\"><div class=\"wp-block-group__inner-container\">\n<h2 class=\"has-black-color has-pale-cyan-blue-background-color has-text-color has-background has-medium-font-size\">BLOG<\/h2>\n<\/div><\/div>\n\n\n\n<div class=\"wp-container-2 wp-block-group\"><div class=\"wp-block-group__inner-container\">\n<div class=\"wp-block-columns\">\n<div class=\"wp-block-column\" style=\"flex-basis:100%\"><ul class=\"wp-block-latest-posts__list wp-block-latest-posts\"><li><a href=\"https:\/\/bledniak-avocat.com\/pl\/e-commerce-we-francji-nowe-obowiazki-wobec-konsumentow-w-e-handlu\/\">E-commerce we Francji &#8211; nowe obowi\u0105zki wobec konsument\u00f3w platform internetowych<\/a><div class=\"wp-block-latest-posts__post-excerpt\">Francja nie \u017cartuje z ochrony konsument\u00f3w.<\/div><\/li>\n<li><a href=\"https:\/\/bledniak-avocat.com\/pl\/pracownik-nie-raportuje-swojej-aktywnosci-i-nie-realizuje-celow-czy-pracodawca-moze-rozwiazac-umowe-i-jakie-sa-koszty\/\">Pracownik nie raportuje swojej aktywno\u015bci i nie realizuje cel\u00f3w: czy pracodawca mo\u017ce rozwi\u0105za\u0107 umow\u0119 i jakie s\u0105 koszty?<\/a><div class=\"wp-block-latest-posts__post-excerpt\">Sytuacja, w kt\u00f3rej pracownik \u2014 a zw\u0142aszcza przedstawiciel handlowy lub agent handlowy we Francji \u2014 nie osi\u0105ga wyznaczonych cel\u00f3w, nie [&hellip;]<\/div><\/li>\n<li><a href=\"https:\/\/bledniak-avocat.com\/pl\/rekrutacja-we-francji-najwieksze-pulapki-dla-zagranicznego-pracodawcy\/\">Rekrutacja we Francji \u2013 najwi\u0119ksze pu\u0142apki dla zagranicznego pracodawcy<\/a><div class=\"wp-block-latest-posts__post-excerpt\">Przy zatrudnieniu we Francji zagraniczni pracodawcy najcz\u0119\u015bciej zderzaj\u0105 si\u0119 z trzema obszarami ryzyka: uk\u0142adami zbiorowymi, klasyfikacj\u0105 stanowiska i czasem pracy [&hellip;]<\/div><\/li>\n<li><a href=\"https:\/\/bledniak-avocat.com\/pl\/pracownik-handlowy-nie-raportuje-pracy-czy-moge-go-zwolnic\/\">Pracownik handlowy nie raportuje pracy \u2013 czy mog\u0119 go zwolni\u0107?<\/a><div class=\"wp-block-latest-posts__post-excerpt\">Perspektywa zagranicznego pracodawcy Przy zatrudnieniu we Francji zagraniczni pracodawcy cz\u0119sto s\u0105 zaskoczeni, \u017ce: brak wynik\u00f3w, brak raport\u00f3w, brak dyscypliny &#x27a1;&#xfe0f; [&hellip;]<\/div><\/li>\n<li><a href=\"https:\/\/bledniak-avocat.com\/pl\/pracownik-zapowiada-strajk-co-moze-i-czego-nie-moze-zagraniczny-pracodawca\/\">Pracownik zapowiada strajk: co mo\u017ce (i czego nie mo\u017ce) zagraniczny pracodawca?<\/a><div class=\"wp-block-latest-posts__post-excerpt\">Droit de gr\u00e8ve jest dla Francuz\u00f3w tym, czym prawo do wolno\u015bci s\u0142owa \u2013 warto\u015bci\u0105 fundamentaln\u0105. Przy zatrudnieniu we Francji to [&hellip;]<\/div><\/li>\n<li><a href=\"https:\/\/bledniak-avocat.com\/pl\/francuskie-prawo-pracy-eldorado-dla-pracownika-pulapka-dla-zagranicznego-pracodawcy\/\">Francuskie prawo pracy \u2013 eldorado dla pracownika, pu\u0142apka dla zagranicznego pracodawcy?<\/a><div class=\"wp-block-latest-posts__post-excerpt\">Francja uchodzi za kraj o najbardziej ochronnym prawie pracy w Europie. Zapewnia pracownikom stabilno\u015b\u0107 i siln\u0105 pozycj\u0119 negocjacyjn\u0105, ale dla [&hellip;]<\/div><\/li>\n<li><a href=\"https:\/\/bledniak-avocat.com\/pl\/jak-zalozyc-spolke-we-francji-francuski-odpowiednik-polskiej-spolki-na-przykladzie-branzy-transportowej\/\">Jak za\u0142o\u017cy\u0107 sp\u00f3\u0142k\u0119 we Francji? Francuski odpowiednik polskiej sp\u00f3\u0142ki na przyk\u0142adzie bran\u017cy transportowej<\/a><div class=\"wp-block-latest-posts__post-excerpt\">\u201eCo\u015b w trawie piszczy\u2026\u201d<\/div><\/li>\n<li><a href=\"https:\/\/bledniak-avocat.com\/pl\/spolki-handlowe-we-francji\/\">Sp\u00f3\u0142ki handlowe we Francji<\/a><div class=\"wp-block-latest-posts__post-excerpt\">Sp\u00f3\u0142ki handlowe we Francji SARL \/ EURL oraz SAS \/ SASU \u2013 por\u00f3wnanie w pigu\u0142ce 1. Forma prawna Element SARL [&hellip;]<\/div><\/li>\n<li><a href=\"https:\/\/bledniak-avocat.com\/pl\/2393\/\">Jak si\u0119 robi interesy we Francji? Wywiad<\/a><div class=\"wp-block-latest-posts__post-excerpt\"><\/div><\/li>\n<li><a href=\"https:\/\/bledniak-avocat.com\/pl\/newsletter-10-2021\/\">Newsletter 10.2021<\/a><div class=\"wp-block-latest-posts__post-excerpt\"><\/div><\/li>\n<\/ul><\/div>\n<\/div>\n<\/div><\/div>\n\n\n\n<p><\/p>\n","protected":false},"excerpt":{"rendered":"<p>W czym pomagamy? Rekomendacje maj\u0105ce na celu zapewnienie zgodno\u015bci funkcjonowania przedsi\u0119biorstw z francuskimi przepisami prawa. Audyty istniej\u0105cych regulacji i dostosowanie ich do struktur organizacyjnych oraz charakterystyki prowadzonej dzia\u0142alno\u015bci. Bie\u017c\u0105ca obs\u0142uga przedsi\u0119biorc\u00f3w i przedsi\u0119biorstw (Walne Zgromadzenia Wsp\u00f3lnik\u00f3w) we Francji; Tworzenie i opiniowanie um\u00f3w, (umowy o roboty budowlane, podwykonawcze, o \u015bwiadczenie us\u0142ug budowlanych, agencyjne, etc); Akty za\u0142o\u017cycielskie [&hellip;]<\/p>\n","protected":false},"author":4,"featured_media":0,"parent":0,"menu_order":0,"comment_status":"closed","ping_status":"closed","template":"","meta":{"_mi_skip_tracking":false},"yoast_head":"<!-- This site is optimized with the Yoast SEO plugin v18.9 - https:\/\/yoast.com\/wordpress\/plugins\/seo\/ -->\n<title>Sp\u00f3\u0142ki, zakup firmy we Francji - w czym pomagamy?<\/title>\n<meta name=\"robots\" content=\"index, follow, max-snippet:-1, max-image-preview:large, max-video-preview:-1\" \/>\n<link rel=\"canonical\" href=\"https:\/\/bledniak-avocat.com\/pl\/spolki\/\" \/>\n<meta name=\"twitter:label1\" content=\"Szacowany czas czytania\" \/>\n\t<meta name=\"twitter:data1\" content=\"1 minuta\" \/>\n<script type=\"application\/ld+json\" class=\"yoast-schema-graph\">{\"@context\":\"https:\/\/schema.org\",\"@graph\":[{\"@type\":\"WebSite\",\"@id\":\"https:\/\/bledniak-avocat.com\/pl\/#website\",\"url\":\"https:\/\/bledniak-avocat.com\/pl\/\",\"name\":\"Bledniak Avocat\",\"description\":\"\",\"potentialAction\":[{\"@type\":\"SearchAction\",\"target\":{\"@type\":\"EntryPoint\",\"urlTemplate\":\"https:\/\/bledniak-avocat.com\/pl\/?s={search_term_string}\"},\"query-input\":\"required name=search_term_string\"}],\"inLanguage\":\"pl-PL\"},{\"@type\":\"WebPage\",\"@id\":\"https:\/\/bledniak-avocat.com\/pl\/spolki\/#webpage\",\"url\":\"https:\/\/bledniak-avocat.com\/pl\/spolki\/\",\"name\":\"Sp\u00f3\u0142ki, zakup firmy we Francji - w czym pomagamy?\",\"isPartOf\":{\"@id\":\"https:\/\/bledniak-avocat.com\/pl\/#website\"},\"datePublished\":\"2025-10-24T11:34:39+00:00\",\"dateModified\":\"2026-02-12T15:13:26+00:00\",\"breadcrumb\":{\"@id\":\"https:\/\/bledniak-avocat.com\/pl\/spolki\/#breadcrumb\"},\"inLanguage\":\"pl-PL\",\"potentialAction\":[{\"@type\":\"ReadAction\",\"target\":[\"https:\/\/bledniak-avocat.com\/pl\/spolki\/\"]}]},{\"@type\":\"BreadcrumbList\",\"@id\":\"https:\/\/bledniak-avocat.com\/pl\/spolki\/#breadcrumb\",\"itemListElement\":[{\"@type\":\"ListItem\",\"position\":1,\"name\":\"Strona g\u0142\u00f3wna\",\"item\":\"https:\/\/bledniak-avocat.com\/pl\/\"},{\"@type\":\"ListItem\",\"position\":2,\"name\":\"Sp\u00f3\u0142ki\"}]}]}<\/script>\n<!-- \/ Yoast SEO plugin. -->","yoast_head_json":{"title":"Sp\u00f3\u0142ki, zakup firmy we Francji - w czym pomagamy?","robots":{"index":"index","follow":"follow","max-snippet":"max-snippet:-1","max-image-preview":"max-image-preview:large","max-video-preview":"max-video-preview:-1"},"canonical":"https:\/\/bledniak-avocat.com\/pl\/spolki\/","twitter_misc":{"Szacowany czas czytania":"1 minuta"},"schema":{"@context":"https:\/\/schema.org","@graph":[{"@type":"WebSite","@id":"https:\/\/bledniak-avocat.com\/pl\/#website","url":"https:\/\/bledniak-avocat.com\/pl\/","name":"Bledniak Avocat","description":"","potentialAction":[{"@type":"SearchAction","target":{"@type":"EntryPoint","urlTemplate":"https:\/\/bledniak-avocat.com\/pl\/?s={search_term_string}"},"query-input":"required name=search_term_string"}],"inLanguage":"pl-PL"},{"@type":"WebPage","@id":"https:\/\/bledniak-avocat.com\/pl\/spolki\/#webpage","url":"https:\/\/bledniak-avocat.com\/pl\/spolki\/","name":"Sp\u00f3\u0142ki, zakup firmy we Francji - w czym pomagamy?","isPartOf":{"@id":"https:\/\/bledniak-avocat.com\/pl\/#website"},"datePublished":"2025-10-24T11:34:39+00:00","dateModified":"2026-02-12T15:13:26+00:00","breadcrumb":{"@id":"https:\/\/bledniak-avocat.com\/pl\/spolki\/#breadcrumb"},"inLanguage":"pl-PL","potentialAction":[{"@type":"ReadAction","target":["https:\/\/bledniak-avocat.com\/pl\/spolki\/"]}]},{"@type":"BreadcrumbList","@id":"https:\/\/bledniak-avocat.com\/pl\/spolki\/#breadcrumb","itemListElement":[{"@type":"ListItem","position":1,"name":"Strona g\u0142\u00f3wna","item":"https:\/\/bledniak-avocat.com\/pl\/"},{"@type":"ListItem","position":2,"name":"Sp\u00f3\u0142ki"}]}]}},"_links":{"self":[{"href":"https:\/\/bledniak-avocat.com\/pl\/wp-json\/wp\/v2\/pages\/2922"}],"collection":[{"href":"https:\/\/bledniak-avocat.com\/pl\/wp-json\/wp\/v2\/pages"}],"about":[{"href":"https:\/\/bledniak-avocat.com\/pl\/wp-json\/wp\/v2\/types\/page"}],"author":[{"embeddable":true,"href":"https:\/\/bledniak-avocat.com\/pl\/wp-json\/wp\/v2\/users\/4"}],"replies":[{"embeddable":true,"href":"https:\/\/bledniak-avocat.com\/pl\/wp-json\/wp\/v2\/comments?post=2922"}],"version-history":[{"count":21,"href":"https:\/\/bledniak-avocat.com\/pl\/wp-json\/wp\/v2\/pages\/2922\/revisions"}],"predecessor-version":[{"id":3318,"href":"https:\/\/bledniak-avocat.com\/pl\/wp-json\/wp\/v2\/pages\/2922\/revisions\/3318"}],"wp:attachment":[{"href":"https:\/\/bledniak-avocat.com\/pl\/wp-json\/wp\/v2\/media?parent=2922"}],"curies":[{"name":"wp","href":"https:\/\/api.w.org\/{rel}","templated":true}]}}