{"id":2928,"date":"2025-10-24T13:41:45","date_gmt":"2025-10-24T11:41:45","guid":{"rendered":"https:\/\/bledniak-avocat.com\/?page_id=2928"},"modified":"2026-02-12T17:10:36","modified_gmt":"2026-02-12T15:10:36","slug":"praca","status":"publish","type":"page","link":"https:\/\/bledniak-avocat.com\/pl\/praca\/","title":{"rendered":"Praca"},"content":{"rendered":"\n<h2>W czym pomagamy?<\/h2>\n\n\n\n<ul><li>Prowadzenie spraw przed S\u0105dem pracy na rzecz pracodawc\u00f3w;<\/li><li>Opiniowanie i sporz\u0105dzanie um\u00f3w o prac\u0119;<\/li><li>Audyt modelu zatrudnienia;<\/li><li>Nawi\u0105zywanie i rozwi\u0105zywanie stosunk\u00f3w pracy;<\/li><li>Zatrudnianie i zwalnianie, pracownik\u00f3w wszystkich szczebli oraz pracownik\u00f3w chronionych;<\/li><li>Doradztwo w ramach zwolnie\u0144 indywidualnych;<\/li><li>Wyliczenie odpraw pracowniczych;<\/li><li>Delegowanie pracownik\u00f3w;<\/li><li>Porady prawne w sprawach dotycz\u0105cych URSSAF, odwo\u0142ania od decyzji URSSAF, pisma urz\u0119dowe i procesowe w sprawach URSSAF, prowadzenie spraw przeciwko URSSAF przed S\u0105dem;<\/li><\/ul>\n\n\n\n<h2 class=\"has-pale-cyan-blue-background-color has-background has-medium-font-size\">Baza wiedzy <\/h2>\n\n\n\n<div class=\"wp-container-1 wp-block-group has-vivid-cyan-blue-color has-text-color\"><div class=\"wp-block-group__inner-container\"><ul class=\"wp-block-latest-posts__list wp-block-latest-posts\"><li><a href=\"https:\/\/bledniak-avocat.com\/pl\/francuskie-prawo-pracy-eldorado-dla-pracownika-pulapka-dla-zagranicznego-pracodawcy\/\">Francuskie prawo pracy \u2013 eldorado dla pracownika, pu\u0142apka dla zagranicznego pracodawcy?<\/a><div class=\"wp-block-latest-posts__post-excerpt\">Francja uchodzi za kraj o najbardziej ochronnym prawie pracy w Europie. Zapewnia pracownikom stabilno\u015b\u0107 i siln\u0105 pozycj\u0119 negocjacyjn\u0105, ale dla [&hellip;]<\/div><\/li>\n<li><a href=\"https:\/\/bledniak-avocat.com\/pl\/pracownik-zapowiada-strajk-co-moze-i-czego-nie-moze-zagraniczny-pracodawca\/\">Pracownik zapowiada strajk: co mo\u017ce (i czego nie mo\u017ce) zagraniczny pracodawca?<\/a><div class=\"wp-block-latest-posts__post-excerpt\">Droit de gr\u00e8ve jest dla Francuz\u00f3w tym, czym prawo do wolno\u015bci s\u0142owa \u2013 warto\u015bci\u0105 fundamentaln\u0105. Przy zatrudnieniu we Francji to [&hellip;]<\/div><\/li>\n<li><a href=\"https:\/\/bledniak-avocat.com\/pl\/pracownik-handlowy-nie-raportuje-pracy-czy-moge-go-zwolnic\/\">Pracownik handlowy nie raportuje pracy \u2013 czy mog\u0119 go zwolni\u0107?<\/a><div class=\"wp-block-latest-posts__post-excerpt\">Perspektywa zagranicznego pracodawcy Przy zatrudnieniu we Francji zagraniczni pracodawcy cz\u0119sto s\u0105 zaskoczeni, \u017ce: brak wynik\u00f3w, brak raport\u00f3w, brak dyscypliny &#x27a1;&#xfe0f; [&hellip;]<\/div><\/li>\n<li><a href=\"https:\/\/bledniak-avocat.com\/pl\/rekrutacja-we-francji-najwieksze-pulapki-dla-zagranicznego-pracodawcy\/\">Rekrutacja we Francji \u2013 najwi\u0119ksze pu\u0142apki dla zagranicznego pracodawcy<\/a><div class=\"wp-block-latest-posts__post-excerpt\">Przy zatrudnieniu we Francji zagraniczni pracodawcy najcz\u0119\u015bciej zderzaj\u0105 si\u0119 z trzema obszarami ryzyka: uk\u0142adami zbiorowymi, klasyfikacj\u0105 stanowiska i czasem pracy [&hellip;]<\/div><\/li>\n<li><a href=\"https:\/\/bledniak-avocat.com\/pl\/pracownik-nie-raportuje-swojej-aktywnosci-i-nie-realizuje-celow-czy-pracodawca-moze-rozwiazac-umowe-i-jakie-sa-koszty\/\">Pracownik nie raportuje swojej aktywno\u015bci i nie realizuje cel\u00f3w: czy pracodawca mo\u017ce rozwi\u0105za\u0107 umow\u0119 i jakie s\u0105 koszty?<\/a><div class=\"wp-block-latest-posts__post-excerpt\">Sytuacja, w kt\u00f3rej pracownik \u2014 a zw\u0142aszcza przedstawiciel handlowy lub agent handlowy we Francji \u2014 nie osi\u0105ga wyznaczonych cel\u00f3w, nie [&hellip;]<\/div><\/li>\n<\/ul><\/div><\/div>\n\n\n\n<p><\/p>\n","protected":false},"excerpt":{"rendered":"<p>W czym pomagamy? Prowadzenie spraw przed S\u0105dem pracy na rzecz pracodawc\u00f3w; Opiniowanie i sporz\u0105dzanie um\u00f3w o prac\u0119; Audyt modelu zatrudnienia; Nawi\u0105zywanie i rozwi\u0105zywanie stosunk\u00f3w pracy; Zatrudnianie i zwalnianie, pracownik\u00f3w wszystkich szczebli oraz pracownik\u00f3w chronionych; Doradztwo w ramach zwolnie\u0144 indywidualnych; Wyliczenie odpraw pracowniczych; Delegowanie pracownik\u00f3w; Porady prawne w sprawach dotycz\u0105cych URSSAF, odwo\u0142ania od decyzji URSSAF, pisma [&hellip;]<\/p>\n","protected":false},"author":4,"featured_media":0,"parent":0,"menu_order":0,"comment_status":"closed","ping_status":"closed","template":"","meta":{"_mi_skip_tracking":false},"yoast_head":"<!-- This site is optimized with the Yoast SEO plugin v18.9 - https:\/\/yoast.com\/wordpress\/plugins\/seo\/ -->\n<title>Prawo pracy we Francji - Bledniak Avocat<\/title>\n<meta name=\"robots\" content=\"index, follow, max-snippet:-1, max-image-preview:large, max-video-preview:-1\" \/>\n<link rel=\"canonical\" href=\"https:\/\/bledniak-avocat.com\/pl\/praca\/\" \/>\n<meta name=\"twitter:label1\" content=\"Szacowany czas czytania\" \/>\n\t<meta name=\"twitter:data1\" content=\"1 minuta\" \/>\n<script type=\"application\/ld+json\" class=\"yoast-schema-graph\">{\"@context\":\"https:\/\/schema.org\",\"@graph\":[{\"@type\":\"WebSite\",\"@id\":\"https:\/\/bledniak-avocat.com\/pl\/#website\",\"url\":\"https:\/\/bledniak-avocat.com\/pl\/\",\"name\":\"Bledniak Avocat\",\"description\":\"\",\"potentialAction\":[{\"@type\":\"SearchAction\",\"target\":{\"@type\":\"EntryPoint\",\"urlTemplate\":\"https:\/\/bledniak-avocat.com\/pl\/?s={search_term_string}\"},\"query-input\":\"required name=search_term_string\"}],\"inLanguage\":\"pl-PL\"},{\"@type\":\"WebPage\",\"@id\":\"https:\/\/bledniak-avocat.com\/pl\/praca\/#webpage\",\"url\":\"https:\/\/bledniak-avocat.com\/pl\/praca\/\",\"name\":\"Prawo pracy we Francji - Bledniak Avocat\",\"isPartOf\":{\"@id\":\"https:\/\/bledniak-avocat.com\/pl\/#website\"},\"datePublished\":\"2025-10-24T11:41:45+00:00\",\"dateModified\":\"2026-02-12T15:10:36+00:00\",\"breadcrumb\":{\"@id\":\"https:\/\/bledniak-avocat.com\/pl\/praca\/#breadcrumb\"},\"inLanguage\":\"pl-PL\",\"potentialAction\":[{\"@type\":\"ReadAction\",\"target\":[\"https:\/\/bledniak-avocat.com\/pl\/praca\/\"]}]},{\"@type\":\"BreadcrumbList\",\"@id\":\"https:\/\/bledniak-avocat.com\/pl\/praca\/#breadcrumb\",\"itemListElement\":[{\"@type\":\"ListItem\",\"position\":1,\"name\":\"Strona g\u0142\u00f3wna\",\"item\":\"https:\/\/bledniak-avocat.com\/pl\/\"},{\"@type\":\"ListItem\",\"position\":2,\"name\":\"Praca\"}]}]}<\/script>\n<!-- \/ Yoast SEO plugin. -->","yoast_head_json":{"title":"Prawo pracy we Francji - Bledniak Avocat","robots":{"index":"index","follow":"follow","max-snippet":"max-snippet:-1","max-image-preview":"max-image-preview:large","max-video-preview":"max-video-preview:-1"},"canonical":"https:\/\/bledniak-avocat.com\/pl\/praca\/","twitter_misc":{"Szacowany czas czytania":"1 minuta"},"schema":{"@context":"https:\/\/schema.org","@graph":[{"@type":"WebSite","@id":"https:\/\/bledniak-avocat.com\/pl\/#website","url":"https:\/\/bledniak-avocat.com\/pl\/","name":"Bledniak Avocat","description":"","potentialAction":[{"@type":"SearchAction","target":{"@type":"EntryPoint","urlTemplate":"https:\/\/bledniak-avocat.com\/pl\/?s={search_term_string}"},"query-input":"required name=search_term_string"}],"inLanguage":"pl-PL"},{"@type":"WebPage","@id":"https:\/\/bledniak-avocat.com\/pl\/praca\/#webpage","url":"https:\/\/bledniak-avocat.com\/pl\/praca\/","name":"Prawo pracy we Francji - Bledniak Avocat","isPartOf":{"@id":"https:\/\/bledniak-avocat.com\/pl\/#website"},"datePublished":"2025-10-24T11:41:45+00:00","dateModified":"2026-02-12T15:10:36+00:00","breadcrumb":{"@id":"https:\/\/bledniak-avocat.com\/pl\/praca\/#breadcrumb"},"inLanguage":"pl-PL","potentialAction":[{"@type":"ReadAction","target":["https:\/\/bledniak-avocat.com\/pl\/praca\/"]}]},{"@type":"BreadcrumbList","@id":"https:\/\/bledniak-avocat.com\/pl\/praca\/#breadcrumb","itemListElement":[{"@type":"ListItem","position":1,"name":"Strona g\u0142\u00f3wna","item":"https:\/\/bledniak-avocat.com\/pl\/"},{"@type":"ListItem","position":2,"name":"Praca"}]}]}},"_links":{"self":[{"href":"https:\/\/bledniak-avocat.com\/pl\/wp-json\/wp\/v2\/pages\/2928"}],"collection":[{"href":"https:\/\/bledniak-avocat.com\/pl\/wp-json\/wp\/v2\/pages"}],"about":[{"href":"https:\/\/bledniak-avocat.com\/pl\/wp-json\/wp\/v2\/types\/page"}],"author":[{"embeddable":true,"href":"https:\/\/bledniak-avocat.com\/pl\/wp-json\/wp\/v2\/users\/4"}],"replies":[{"embeddable":true,"href":"https:\/\/bledniak-avocat.com\/pl\/wp-json\/wp\/v2\/comments?post=2928"}],"version-history":[{"count":20,"href":"https:\/\/bledniak-avocat.com\/pl\/wp-json\/wp\/v2\/pages\/2928\/revisions"}],"predecessor-version":[{"id":3315,"href":"https:\/\/bledniak-avocat.com\/pl\/wp-json\/wp\/v2\/pages\/2928\/revisions\/3315"}],"wp:attachment":[{"href":"https:\/\/bledniak-avocat.com\/pl\/wp-json\/wp\/v2\/media?parent=2928"}],"curies":[{"name":"wp","href":"https:\/\/api.w.org\/{rel}","templated":true}]}}