{"id":470,"date":"2012-04-10T11:51:52","date_gmt":"2012-04-10T11:51:52","guid":{"rendered":"https:\/\/bledniak-avocat.com\/?page_id=470"},"modified":"2025-10-24T00:03:21","modified_gmt":"2025-10-23T22:03:21","slug":"honoraria","status":"publish","type":"page","link":"https:\/\/bledniak-avocat.com\/pl\/honoraria\/","title":{"rendered":"Honoraria"},"content":{"rendered":"<p>Wynagrodzenie kancelarii uzale\u017cnione jest od rodzaju i zakresu us\u0142ugi:<\/p>\n<ul>\n<li>rycza\u0142towe, np: podwy\u017cszenie kapita\u0142u zak\u0142adowego, roczne zatwierdzenie sprawozdania finansowego,<\/li>\n<li>godzinowe, np: jednorazowa opinia prawna,<\/li>\n<li>procentowe od zasadzonej kwoty (dotyczy dochodze\u0144 roszcze\u0144 na drodze s\u0105dowej).<\/li>\n<\/ul>\n<p>Interwencja kancelarii jest poprzedzona umow\u0105 o wynagrodzenie.<\/p>\n<div class=\"wp-block-columns\">\n<div class=\"wp-block-column\">\n<h3 class=\"has-text-align-center has-luminous-vivid-orange-color has-pale-cyan-blue-background-color has-text-color has-background\"><strong><span class=\"has-inline-color has-black-color\">Pakiety prawne<\/span><\/strong><\/h3>\n<div class=\"wp-container-1 wp-block-group\">\n<div class=\"wp-block-group__inner-container\">\n<p class=\"has-text-align-center has-black-color has-pale-cyan-blue-background-color has-text-color has-background\"><a href=\"https:\/\/bledniak-avocat.com\/pack-juridique-e-commerce\/\" data-wplink-edit=\"true\"><strong>Pack<\/strong> \u2013 E-commerce<\/a><\/p>\n<\/div>\n<\/div>\n<p class=\"has-text-align-center has-black-color has-pale-cyan-blue-background-color has-text-color has-background\"><a href=\"https:\/\/bledniak-avocat.com\/gestion-juridique-courante\/\">Pack \u2013 Gestion juridique courante<\/a><\/p>\n<p class=\"has-text-align-center has-black-color has-pale-cyan-blue-background-color has-text-color has-background\"><a href=\"https:\/\/bledniak-avocat.com\/pack-creation-de-societes\/\">Pack \u2013 Cr\u00e9ation des soci\u00e9t\u00e9s<\/a><\/p>\n<p class=\"has-text-align-center has-black-color has-pale-cyan-blue-background-color has-text-color has-background\"><a href=\"https:\/\/bledniak-avocat.com\/pack-recouvrement-de-creance\/\">Pack \u2013 Recouvrement de cr\u00e9ance<\/a><\/p>\n<p class=\"has-text-align-center has-black-color has-pale-cyan-blue-background-color has-text-color has-background\"><a href=\"https:\/\/bledniak-avocat.com\/pack-cgv\/\">Pack \u2013 Conditions g\u00e9n\u00e9rales de vente (CGV)<\/a><\/p>\n<div class=\"wp-container-2 wp-block-group\">\n<div class=\"wp-block-group__inner-container\"><\/div>\n<\/div>\n<\/div>\n<div class=\"wp-block-column\">\n<h3 class=\"has-text-align-center has-pale-cyan-blue-background-color has-background\"><strong>Szkolenia<\/strong><\/h3>\n<p class=\"has-text-align-center has-pale-cyan-blue-background-color has-background\"><a href=\"https:\/\/bledniak-avocat.com\/pl\/delegowanie-do-francji\/\">Delegowanie pracownik\u00f3w do Francji<\/a><\/p>\n<p class=\"has-text-align-center has-pale-cyan-blue-background-color has-background\"><a href=\"https:\/\/bledniak-avocat.com\/pl\/e-commerce-zagadnienia-prawne-i-handlowe-rynku-francuskiego\/\">E-Commerce; zagadnienia prawne i handlowe na rynku francuskim<\/a><\/p>\n<p class=\"has-text-align-center has-black-color has-pale-cyan-blue-background-color has-text-color has-background\"><a href=\"https:\/\/bledniak-avocat.com\/transactions-commerciales-b2b-sur-le-marche-francais-aspects-commerciaux-et-risques-juridiques\/\">Transactions commerciales B2B sur le march\u00e9 fran\u00e7ais: aspects commerciaux et risques juridiques<\/a><\/p>\n<\/div>\n<div class=\"wp-block-column\">\n<h3 class=\"has-text-align-center has-pale-cyan-blue-color has-pale-cyan-blue-background-color has-text-color has-background\" style=\"text-align: center;\"><strong><span style=\"background-color: var(--wp--preset--color--pale-cyan-blue); font-size: revert; color: initial;\">Stawka godzinowa netto<\/span><\/strong><\/h3>\n<p class=\"has-text-align-center has-pale-cyan-blue-color has-pale-cyan-blue-background-color has-text-color has-background\"><strong><span style=\"background-color: var(--wp--preset--color--pale-cyan-blue); font-size: revert; color: initial;\">od 200 \u20ac netto lub abonament roczny<\/span><\/strong><\/p>\n<h3><\/h3>\n<\/div>\n<\/div>\n<p class=\"has-text-align-center\"><strong>M\u00c9DIATEUR NATIONAL DE LA CONSOMMATION DE LA PROFESSION D\u2019AVOCAT<\/strong><\/p>\n<p>Conform\u00e9ment aux dispositions des Articles L. 152-1 et suivants du Code de la consommation, le client a la possibilit\u00e9, en cas de litige avec un Avocat, de recourir gratuitement au M\u00e9diateur de la consommation qui sera le m\u00e9diateur national pr\u00e8s du Conseil National des Barreaux (CNB) et dont les coordonn\u00e9es sont les suivantes :<\/p>\n<p><strong>J\u00e9r\u00f4me HERCE<\/strong>, m\u00e9diateur de la consommation de la profession d\u2019avocat<br \/>\n22 rue de Londres \u2013 75009 Paris<\/p>\n<ul>\n<li><a href=\"mailto:mediateur@mediateur-consommation-avocat.fr\">mediateur@mediateur-consommation-avocat.fr<\/a><\/li>\n<li><a href=\"https:\/\/mediateur-consommation-avocat.fr\/\" target=\"_blank\" rel=\"noreferrer noopener\">mediateur-consommation-avocat.fr<\/a><\/li>\n<\/ul>\n<p><strong><a href=\"https:\/\/bledniak-avocat.com\/consultation-en-ligne\/\">Veuillez contacter le cabinet pour obtenir un devis d\u00e9taill\u00e9.<\/a><\/strong><\/p>\n","protected":false},"excerpt":{"rendered":"<p>Wynagrodzenie kancelarii uzale\u017cnione jest od rodzaju i zakresu us\u0142ugi: rycza\u0142towe, np: podwy\u017cszenie kapita\u0142u zak\u0142adowego, roczne zatwierdzenie sprawozdania finansowego, godzinowe, np: jednorazowa opinia prawna, procentowe od zasadzonej kwoty (dotyczy dochodze\u0144 roszcze\u0144 na drodze s\u0105dowej). Interwencja kancelarii jest poprzedzona umow\u0105 o wynagrodzenie. Pakiety prawne Pack \u2013 E-commerce Pack \u2013 Gestion juridique courante Pack \u2013 Cr\u00e9ation des soci\u00e9t\u00e9s [&hellip;]<\/p>\n","protected":false},"author":3,"featured_media":0,"parent":0,"menu_order":0,"comment_status":"closed","ping_status":"closed","template":"","meta":{"_mi_skip_tracking":false},"yoast_head":"<!-- This site is optimized with the Yoast SEO plugin v18.9 - https:\/\/yoast.com\/wordpress\/plugins\/seo\/ -->\n<title>Honoraria - Bledniak Avocat<\/title>\n<meta name=\"robots\" content=\"index, follow, max-snippet:-1, max-image-preview:large, max-video-preview:-1\" \/>\n<link rel=\"canonical\" href=\"https:\/\/bledniak-avocat.com\/pl\/honoraria\/\" \/>\n<meta name=\"twitter:label1\" content=\"Szacowany czas czytania\" \/>\n\t<meta name=\"twitter:data1\" content=\"2 minuty\" \/>\n<script type=\"application\/ld+json\" class=\"yoast-schema-graph\">{\"@context\":\"https:\/\/schema.org\",\"@graph\":[{\"@type\":\"WebSite\",\"@id\":\"https:\/\/bledniak-avocat.com\/pl\/#website\",\"url\":\"https:\/\/bledniak-avocat.com\/pl\/\",\"name\":\"Bledniak Avocat\",\"description\":\"\",\"potentialAction\":[{\"@type\":\"SearchAction\",\"target\":{\"@type\":\"EntryPoint\",\"urlTemplate\":\"https:\/\/bledniak-avocat.com\/pl\/?s={search_term_string}\"},\"query-input\":\"required name=search_term_string\"}],\"inLanguage\":\"pl-PL\"},{\"@type\":\"WebPage\",\"@id\":\"https:\/\/bledniak-avocat.com\/pl\/honoraria\/#webpage\",\"url\":\"https:\/\/bledniak-avocat.com\/pl\/honoraria\/\",\"name\":\"Honoraria - Bledniak Avocat\",\"isPartOf\":{\"@id\":\"https:\/\/bledniak-avocat.com\/pl\/#website\"},\"datePublished\":\"2012-04-10T11:51:52+00:00\",\"dateModified\":\"2025-10-23T22:03:21+00:00\",\"breadcrumb\":{\"@id\":\"https:\/\/bledniak-avocat.com\/pl\/honoraria\/#breadcrumb\"},\"inLanguage\":\"pl-PL\",\"potentialAction\":[{\"@type\":\"ReadAction\",\"target\":[\"https:\/\/bledniak-avocat.com\/pl\/honoraria\/\"]}]},{\"@type\":\"BreadcrumbList\",\"@id\":\"https:\/\/bledniak-avocat.com\/pl\/honoraria\/#breadcrumb\",\"itemListElement\":[{\"@type\":\"ListItem\",\"position\":1,\"name\":\"Strona g\u0142\u00f3wna\",\"item\":\"https:\/\/bledniak-avocat.com\/pl\/\"},{\"@type\":\"ListItem\",\"position\":2,\"name\":\"Honoraria\"}]}]}<\/script>\n<!-- \/ Yoast SEO plugin. -->","yoast_head_json":{"title":"Honoraria - Bledniak Avocat","robots":{"index":"index","follow":"follow","max-snippet":"max-snippet:-1","max-image-preview":"max-image-preview:large","max-video-preview":"max-video-preview:-1"},"canonical":"https:\/\/bledniak-avocat.com\/pl\/honoraria\/","twitter_misc":{"Szacowany czas czytania":"2 minuty"},"schema":{"@context":"https:\/\/schema.org","@graph":[{"@type":"WebSite","@id":"https:\/\/bledniak-avocat.com\/pl\/#website","url":"https:\/\/bledniak-avocat.com\/pl\/","name":"Bledniak Avocat","description":"","potentialAction":[{"@type":"SearchAction","target":{"@type":"EntryPoint","urlTemplate":"https:\/\/bledniak-avocat.com\/pl\/?s={search_term_string}"},"query-input":"required name=search_term_string"}],"inLanguage":"pl-PL"},{"@type":"WebPage","@id":"https:\/\/bledniak-avocat.com\/pl\/honoraria\/#webpage","url":"https:\/\/bledniak-avocat.com\/pl\/honoraria\/","name":"Honoraria - Bledniak Avocat","isPartOf":{"@id":"https:\/\/bledniak-avocat.com\/pl\/#website"},"datePublished":"2012-04-10T11:51:52+00:00","dateModified":"2025-10-23T22:03:21+00:00","breadcrumb":{"@id":"https:\/\/bledniak-avocat.com\/pl\/honoraria\/#breadcrumb"},"inLanguage":"pl-PL","potentialAction":[{"@type":"ReadAction","target":["https:\/\/bledniak-avocat.com\/pl\/honoraria\/"]}]},{"@type":"BreadcrumbList","@id":"https:\/\/bledniak-avocat.com\/pl\/honoraria\/#breadcrumb","itemListElement":[{"@type":"ListItem","position":1,"name":"Strona g\u0142\u00f3wna","item":"https:\/\/bledniak-avocat.com\/pl\/"},{"@type":"ListItem","position":2,"name":"Honoraria"}]}]}},"_links":{"self":[{"href":"https:\/\/bledniak-avocat.com\/pl\/wp-json\/wp\/v2\/pages\/470"}],"collection":[{"href":"https:\/\/bledniak-avocat.com\/pl\/wp-json\/wp\/v2\/pages"}],"about":[{"href":"https:\/\/bledniak-avocat.com\/pl\/wp-json\/wp\/v2\/types\/page"}],"author":[{"embeddable":true,"href":"https:\/\/bledniak-avocat.com\/pl\/wp-json\/wp\/v2\/users\/3"}],"replies":[{"embeddable":true,"href":"https:\/\/bledniak-avocat.com\/pl\/wp-json\/wp\/v2\/comments?post=470"}],"version-history":[{"count":19,"href":"https:\/\/bledniak-avocat.com\/pl\/wp-json\/wp\/v2\/pages\/470\/revisions"}],"predecessor-version":[{"id":2852,"href":"https:\/\/bledniak-avocat.com\/pl\/wp-json\/wp\/v2\/pages\/470\/revisions\/2852"}],"wp:attachment":[{"href":"https:\/\/bledniak-avocat.com\/pl\/wp-json\/wp\/v2\/media?parent=470"}],"curies":[{"name":"wp","href":"https:\/\/api.w.org\/{rel}","templated":true}]}}