{"id":472,"date":"2012-04-10T11:52:29","date_gmt":"2012-04-10T11:52:29","guid":{"rendered":"https:\/\/bledniak-avocat.com\/?page_id=472"},"modified":"2026-02-09T18:47:46","modified_gmt":"2026-02-09T16:47:46","slug":"o-kancelarii","status":"publish","type":"page","link":"https:\/\/bledniak-avocat.com\/pl\/","title":{"rendered":"Strona g\u0142\u00f3wna"},"content":{"rendered":"\n<p><\/p>\n\n\n\n<div class=\"wp-block-columns\">\n<div class=\"wp-block-column\" style=\"flex-basis:33.33%\">\n<figure class=\"wp-block-embed is-type-video is-provider-youtube wp-block-embed-youtube wp-embed-aspect-16-9 wp-has-aspect-ratio\"><div class=\"wp-block-embed__wrapper\">\n<iframe loading=\"lazy\" title=\"Mec. Marta Bledniak polski adwokat we Francji\" width=\"500\" height=\"281\" src=\"https:\/\/www.youtube.com\/embed\/gbVIcd7M9kg?feature=oembed\" frameborder=\"0\" allow=\"accelerometer; autoplay; clipboard-write; encrypted-media; gyroscope; picture-in-picture; web-share\" referrerpolicy=\"strict-origin-when-cross-origin\" allowfullscreen><\/iframe>\n<\/div><\/figure>\n<\/div>\n\n\n\n<div class=\"wp-block-column is-vertically-aligned-center\" style=\"flex-basis:66.66%\">\n<h1 style=\"font-size: 17px; text-align: justify;\">Kancelaria Marty Bledniak obs\u0142uguje przedsiebiorc\u00f3w i sp\u00f3\u0142ki we Francji a jej specjalizacja dotyczy w szczeg\u00f3lno\u015bci transgranicznych us\u0142ug prawnych oraz post\u0119powa\u0144 s\u0105dowych we Francji.<\/h1>\n\n\n\n\n\n<div class=\"wp-container-2 wp-block-group\"><div class=\"wp-block-group__inner-container\">\n<div class=\"wp-container-1 wp-block-group\"><div class=\"wp-block-group__inner-container\">\n<div class=\"wp-block-columns\">\n<div class=\"wp-block-column\" style=\"flex-basis:100%\">\n<div class=\"wp-block-columns\">\n<div class=\"wp-block-column\" style=\"flex-basis:100%\">\n<blockquote class=\"wp-block-quote\"><p>Marta jest francuskim adwokatem i w\u0142a\u015bcicielk\u0105 kancelarii adwokackiej w Strasburgu i w Monachium.Pilotuje wieloj\u0119zyczn\u0105 ekip\u0119 prawnik\u00f3w we Francji, w Niemczech i w Polsce pracuj\u0105cych nad polsko \u2013 francuskimi i niemiecko &#8211; francuskimi projektami biznesowymi.<\/p><\/blockquote>\n<\/div>\n<\/div>\n<\/div>\n<\/div>\n<\/div><\/div>\n\n\n\n<h2>W czym pomagamy:<\/h2>\n\n\n\n<ul><li>Polsko-francuski handel i inwestycje;<\/li><li>Doradztwo prawne w zakresie mi\u0119dzynarodowego prawa pracy;<\/li><li>Francuskie prawo pracy;<\/li><li>Francuskie prawo sp\u00f3\u0142ek, prawo gospodarczego, prawo um\u00f3w;<\/li><li>Prowadzenie spraw s\u0105dowych;<\/li><li>Kontrole URSSAF, Inspekcji pracy<\/li><li>Windykacja w sprawach gospodarczych we Francji;<\/li><li>Reprezentacja pracodawc\u00f3w oddelegowuj\u0105cych pracownik\u00f3w do Francji;<\/li><li>Licencje transportowe<\/li><\/ul>\n<\/div><\/div>\n<\/div>\n<\/div>\n","protected":false},"excerpt":{"rendered":"<p>Kancelaria Marty Bledniak obs\u0142uguje przedsiebiorc\u00f3w i sp\u00f3\u0142ki we Francji a jej specjalizacja dotyczy w szczeg\u00f3lno\u015bci transgranicznych us\u0142ug prawnych oraz post\u0119powa\u0144 s\u0105dowych we Francji. Marta jest francuskim adwokatem i w\u0142a\u015bcicielk\u0105 kancelarii adwokackiej w Strasburgu i w Monachium.Pilotuje wieloj\u0119zyczn\u0105 ekip\u0119 prawnik\u00f3w we Francji, w Niemczech i w Polsce pracuj\u0105cych nad polsko \u2013 francuskimi i niemiecko &#8211; francuskimi [&hellip;]<\/p>\n","protected":false},"author":3,"featured_media":0,"parent":0,"menu_order":0,"comment_status":"closed","ping_status":"closed","template":"","meta":{"_mi_skip_tracking":false},"yoast_head":"<!-- This site is optimized with the Yoast SEO plugin v18.9 - https:\/\/yoast.com\/wordpress\/plugins\/seo\/ -->\n<title>Bledniak Avocat - obs\u0142uga prawna Francja | polski prawnik adwokat - kancelaria prawna Francja<\/title>\n<meta name=\"robots\" content=\"index, follow, max-snippet:-1, max-image-preview:large, max-video-preview:-1\" \/>\n<link rel=\"canonical\" href=\"https:\/\/bledniak-avocat.com\/pl\/\" \/>\n<meta name=\"twitter:label1\" content=\"Szacowany czas czytania\" \/>\n\t<meta name=\"twitter:data1\" content=\"1 minuta\" \/>\n<script type=\"application\/ld+json\" class=\"yoast-schema-graph\">{\"@context\":\"https:\/\/schema.org\",\"@graph\":[{\"@type\":\"WebSite\",\"@id\":\"https:\/\/bledniak-avocat.com\/pl\/#website\",\"url\":\"https:\/\/bledniak-avocat.com\/pl\/\",\"name\":\"Bledniak Avocat\",\"description\":\"\",\"potentialAction\":[{\"@type\":\"SearchAction\",\"target\":{\"@type\":\"EntryPoint\",\"urlTemplate\":\"https:\/\/bledniak-avocat.com\/pl\/?s={search_term_string}\"},\"query-input\":\"required name=search_term_string\"}],\"inLanguage\":\"pl-PL\"},{\"@type\":\"WebPage\",\"@id\":\"https:\/\/bledniak-avocat.com\/pl\/#webpage\",\"url\":\"https:\/\/bledniak-avocat.com\/pl\/\",\"name\":\"Bledniak Avocat - obs\u0142uga prawna Francja | polski prawnik adwokat - kancelaria prawna Francja\",\"isPartOf\":{\"@id\":\"https:\/\/bledniak-avocat.com\/pl\/#website\"},\"datePublished\":\"2012-04-10T11:52:29+00:00\",\"dateModified\":\"2026-02-09T16:47:46+00:00\",\"breadcrumb\":{\"@id\":\"https:\/\/bledniak-avocat.com\/pl\/#breadcrumb\"},\"inLanguage\":\"pl-PL\",\"potentialAction\":[{\"@type\":\"ReadAction\",\"target\":[\"https:\/\/bledniak-avocat.com\/pl\/\"]}]},{\"@type\":\"BreadcrumbList\",\"@id\":\"https:\/\/bledniak-avocat.com\/pl\/#breadcrumb\",\"itemListElement\":[{\"@type\":\"ListItem\",\"position\":1,\"name\":\"Strona g\u0142\u00f3wna\",\"item\":\"https:\/\/bledniak-avocat.com\/pl\/\"},{\"@type\":\"ListItem\",\"position\":2,\"name\":\"Strona g\u0142\u00f3wna\"}]}]}<\/script>\n<!-- \/ Yoast SEO plugin. -->","yoast_head_json":{"title":"Bledniak Avocat - obs\u0142uga prawna Francja | polski prawnik adwokat - kancelaria prawna Francja","robots":{"index":"index","follow":"follow","max-snippet":"max-snippet:-1","max-image-preview":"max-image-preview:large","max-video-preview":"max-video-preview:-1"},"canonical":"https:\/\/bledniak-avocat.com\/pl\/","twitter_misc":{"Szacowany czas czytania":"1 minuta"},"schema":{"@context":"https:\/\/schema.org","@graph":[{"@type":"WebSite","@id":"https:\/\/bledniak-avocat.com\/pl\/#website","url":"https:\/\/bledniak-avocat.com\/pl\/","name":"Bledniak Avocat","description":"","potentialAction":[{"@type":"SearchAction","target":{"@type":"EntryPoint","urlTemplate":"https:\/\/bledniak-avocat.com\/pl\/?s={search_term_string}"},"query-input":"required name=search_term_string"}],"inLanguage":"pl-PL"},{"@type":"WebPage","@id":"https:\/\/bledniak-avocat.com\/pl\/#webpage","url":"https:\/\/bledniak-avocat.com\/pl\/","name":"Bledniak Avocat - obs\u0142uga prawna Francja | polski prawnik adwokat - kancelaria prawna Francja","isPartOf":{"@id":"https:\/\/bledniak-avocat.com\/pl\/#website"},"datePublished":"2012-04-10T11:52:29+00:00","dateModified":"2026-02-09T16:47:46+00:00","breadcrumb":{"@id":"https:\/\/bledniak-avocat.com\/pl\/#breadcrumb"},"inLanguage":"pl-PL","potentialAction":[{"@type":"ReadAction","target":["https:\/\/bledniak-avocat.com\/pl\/"]}]},{"@type":"BreadcrumbList","@id":"https:\/\/bledniak-avocat.com\/pl\/#breadcrumb","itemListElement":[{"@type":"ListItem","position":1,"name":"Strona g\u0142\u00f3wna","item":"https:\/\/bledniak-avocat.com\/pl\/"},{"@type":"ListItem","position":2,"name":"Strona g\u0142\u00f3wna"}]}]}},"_links":{"self":[{"href":"https:\/\/bledniak-avocat.com\/pl\/wp-json\/wp\/v2\/pages\/472"}],"collection":[{"href":"https:\/\/bledniak-avocat.com\/pl\/wp-json\/wp\/v2\/pages"}],"about":[{"href":"https:\/\/bledniak-avocat.com\/pl\/wp-json\/wp\/v2\/types\/page"}],"author":[{"embeddable":true,"href":"https:\/\/bledniak-avocat.com\/pl\/wp-json\/wp\/v2\/users\/3"}],"replies":[{"embeddable":true,"href":"https:\/\/bledniak-avocat.com\/pl\/wp-json\/wp\/v2\/comments?post=472"}],"version-history":[{"count":57,"href":"https:\/\/bledniak-avocat.com\/pl\/wp-json\/wp\/v2\/pages\/472\/revisions"}],"predecessor-version":[{"id":3269,"href":"https:\/\/bledniak-avocat.com\/pl\/wp-json\/wp\/v2\/pages\/472\/revisions\/3269"}],"wp:attachment":[{"href":"https:\/\/bledniak-avocat.com\/pl\/wp-json\/wp\/v2\/media?parent=472"}],"curies":[{"name":"wp","href":"https:\/\/api.w.org\/{rel}","templated":true}]}}